{"id":10252,"date":"2022-10-17T09:45:37","date_gmt":"2022-10-17T09:45:37","guid":{"rendered":"https:\/\/yakemeurope.com\/pdpl\/"},"modified":"2023-05-25T12:07:43","modified_gmt":"2023-05-25T12:07:43","slug":"gdpr","status":"publish","type":"page","link":"https:\/\/yakemeurope.com\/hu\/gdpr\/","title":{"rendered":"GDPR"},"content":{"rendered":"\t\t<div data-elementor-type=\"wp-page\" data-elementor-id=\"10252\" class=\"elementor elementor-10252 elementor-9596\">\n\t\t\t\t\t\t<section class=\"elementor-section elementor-top-section elementor-element elementor-element-6f6f35e9 elementor-section-full_width elementor-section-height-default elementor-section-height-default\" data-id=\"6f6f35e9\" data-element_type=\"section\" data-e-type=\"section\">\n\t\t\t\t\t\t<div class=\"elementor-container elementor-column-gap-default\">\n\t\t\t\t\t<div class=\"elementor-column elementor-col-100 elementor-top-column elementor-element elementor-element-7f1123c0\" data-id=\"7f1123c0\" data-element_type=\"column\" data-e-type=\"column\">\n\t\t\t<div class=\"elementor-widget-wrap elementor-element-populated\">\n\t\t\t\t\t\t<div class=\"elementor-element elementor-element-195bd85c elementor-widget elementor-widget-text-editor\" data-id=\"195bd85c\" data-element_type=\"widget\" data-e-type=\"widget\" data-widget_type=\"text-editor.default\">\n\t\t\t\t<div class=\"elementor-widget-container\">\n\t\t\t\t\t\t\t\t\t<p>YAKEM K\u00c9MIAI IPARI \u00c9S KERESKEDELMI KORL\u00c1TOLT FELEL\u0150SS\u00c9G\u0170 T\u00c1RSAS\u00c1G<\/p><p>A YAKEM K\u00c9MIAI IPARI \u00c9S KERESKEDELMI KORL\u00c1TOLT FELEL\u0150SS\u00c9G\u0170 T\u00c1RSAS\u00c1G SZEML\u00c9LTET\u0150 SZ\u00d6VEGE A SZEM\u00c9LYES ADATOK V\u00c9DELM\u00c9R\u0150L.<\/p><p>Adatkezel\u0151:<\/p><p>A szem\u00e9lyes adatok v\u00e9delm\u00e9r\u0151l sz\u00f3l\u00f3 6698. sz\u00e1m\u00fa t\u00f6rv\u00e9ny (\u201eT\u00f6rv\u00e9ny\u201d) \u00e9rtelm\u00e9ben a YAKEM K\u00c9MIAI IPARI \u00c9S KERESKEDELMI KORL\u00c1TOLT FELEL\u0150SS\u00c9G\u0170 T\u00c1RSAS\u00c1G, mint adatkezel\u0151, az \u00d6n szem\u00e9lyes adatait az al\u00e1bbiakban ismertetett hat\u00f3k\u00f6rben kezelheti.<\/p><p>A szem\u00e9lyes adatok feldolgoz\u00e1s\u00e1nak c\u00e9lja<\/p><p>Az \u00d6n szem\u00e9lyes adatait elektronikus vagy fizikai k\u00f6rnyezetben gy\u0171jtj\u00fck. A jelen szeml\u00e9ltet\u0151 sz\u00f6vegben meghat\u00e1rozott jogi okokb\u00f3l gy\u0171jt\u00f6tt szem\u00e9lyes adatai, a T\u00f6rv\u00e9ny 5. \u00e9s 6. \u00a7 -ban meghat\u00e1rozott szem\u00e9lyes adatkezel\u00e9si felt\u00e9telek keretein bel\u00fcl kezelhet\u0151k, valamint oszthat\u00f3k meg.<\/p><ol><li>c) A szem\u00e9lyes adatokat megoszt\u00e1s\u00e1ra jogosult felek \u00e9s megoszt\u00e1suk c\u00e9lja<\/li><\/ol><p>Az \u00d6n szem\u00e9lyes adatai, a T\u00f6rv\u00e9ny 8. \u00e9s 9. \u00a7 -ban meghat\u00e1rozott szem\u00e9lyes adatkezel\u00e9si felt\u00e9telek \u00e9s c\u00e9lok keret\u00e9ben, a T\u00e1rsas\u00e1g \u00e1ltal k\u00edn\u00e1lt term\u00e9keinek \u00e9s szolg\u00e1ltat\u00e1s\u00e1nak az \u00e9rintettek \u00edzl\u00e9s\u00e9nek, haszn\u00e1lati szok\u00e1sainak \u00e9s ig\u00e9nyeinek megfelel\u0151 szem\u00e9lyre szab\u00e1s\u00e1hoz, az \u00e9rintettek figyelembe aj\u00e1nl\u00e1s\u00e1hoz \u00e9s n\u00e9pszer\u0171s\u00edt\u00e9s\u00e9hez sz\u00fcks\u00e9ges tev\u00e9kenys\u00e9gek tervez\u00e9se \u00e9s lebonyol\u00edt\u00e1sa a szem\u00e9lyes adatok keretein bel\u00fcl, az \u00fczlet\u00e1gak \u00e1ltal sz\u00fcks\u00e9ges munk\u00e1k elv\u00e9gz\u00e9se \u00e9s a vonatkoz\u00f3 \u00fczleti folyamatok lebonyol\u00edt\u00e1sa annak \u00e9rdek\u00e9ben, hogy a t\u00e1rsas\u00e1g \u00e1ltal k\u00edn\u00e1lt term\u00e9kek \u00e9s szolg\u00e1ltat\u00e1sok az \u00e9rintettek jav\u00e1ra v\u00e1lhassanak, az \u00e9rintett \u00fczlet\u00e1gakon kereszt\u00fcl a t\u00e1rsas\u00e1g \u00e1ltal folytatott kereskedelmi tev\u00e9kenys\u00e9g megval\u00f3s\u00edt\u00e1s\u00e1hoz sz\u00fcks\u00e9ges munk\u00e1k elv\u00e9gz\u00e9se, a T\u00e1rsas\u00e1g \u00fczleti \u00e9s\/vagy munka strat\u00e9gi\u00e1j\u00e1nak tervez\u00e9se \u00e9s lebonyol\u00edt\u00e1sa, valamint a T\u00e1rsas\u00e1g \u00e9s T\u00e1rsas\u00e1ggal \u00fczleti kapcsolatban \u00e1ll\u00f3 \u00e9rintett szem\u00e9lyek jogi, m\u0171szaki \u00e9s kereskedelmi-munkav\u00e9delmi biztos\u00edt\u00e1s\u00e1nak c\u00e9ljai keretein bel\u00fcl a t\u00f6rv\u00e9nyileg felhatalmazott int\u00e9zm\u00e9nyekkel \u00e9s szervezetekkel, valamint jogilag felhatalmazott mag\u00e1njogi szem\u00e9lyekkel oszthat\u00f3 meg.<\/p><ol><li>d) Az adattulajdonosok jogai \u00e9s ezen jogok gyakorl\u00e1sa<\/li><\/ol><p>Szem\u00e9lyes adattulajdonosk\u00e9nt amennyiben az al\u00e1bbiakban megjel\u00f6lt jogaira vonatkoz\u00f3 k\u00e9r\u00e9seit az \u201eAdattulajdonosok joggyakorl\u00e1sa\u201d c\u00edmsz\u00f3 alatt a T\u00e1rsas\u00e1g r\u00e9sz\u00e9re a meghat\u00e1rozott m\u00f3don ny\u00fajtja be, \u00fagy T\u00e1rsas\u00e1gunk a k\u00e9r\u00e9seire a v\u00e1laszt a lehet\u0151 legr\u00f6videbb id\u0151n 30 (harminc) napon bel\u00fcl, de mindenk\u00e9ppen ki\u00e9rt\u00e9keli \u00e9s megadja.<\/p><p>A T\u00f6rv\u00e9ny 11. \u00a7 \u00e9rtelm\u00e9ben \u00d6nt, mint a szem\u00e9lyes adatok tulajdonos\u00e1t az al\u00e1bbi jogok illetik:<\/p><p>Megtudni, hogy az \u00d6n szem\u00e9lyes adatait feldolgozz\u00e1k-e vagy sem,<\/p><p>Amennyiben szem\u00e9lyes adatai feldolgoz\u00e1sra ker\u00fcltek, err\u0151l t\u00e1j\u00e9koztat\u00e1st k\u00e9rni,<\/p><p>Megtudni szem\u00e9lyes adatai kezel\u00e9s\u00e9nek c\u00e9lj\u00e1t \u00e9s hogy azokat val\u00f3ban a c\u00e9lnak megfelel\u0151en haszn\u00e1lj\u00e1k-e fel,<\/p><p>Megtudni azon harmadik felek kil\u00e9t\u00e9t, akik r\u00e9sz\u00e9re tov\u00e1bb\u00edtj\u00e1k az orsz\u00e1gban vagy k\u00fclf\u00f6ld\u00f6n az \u00d6n szem\u00e9lyes adatait,<\/p><p>Hi\u00e1nyos vagy hib\u00e1s adatkezel\u00e9s eset\u00e9n k\u00e9rni szem\u00e9lyes adatainak helyesb\u00edt\u00e9s\u00e9t, \u00e9s az e k\u00f6rben lebonyol\u00edtott tranzakci\u00f3r\u00f3l \u00e9rtes\u00edteni azokat a harmadik szem\u00e9lyeket, akiknek a szem\u00e9lyes adatait tov\u00e1bb\u00edtott\u00e1k,<\/p><p>Szem\u00e9lyes adatai t\u00f6rl\u00e9s\u00e9nek vagy megsemmis\u00edt\u00e9s\u00e9nek k\u00e9r\u00e9se abban az esetben, ha az adatkezel\u00e9st ig\u00e9nyl\u0151 okok megsz\u0171ntek annak ellen\u00e9re, hogy az adatkezel\u00e9s a t\u00f6rv\u00e9ny \u00e9s m\u00e1s vonatkoz\u00f3 jogszab\u00e1lyok el\u0151\u00edr\u00e1sainak megfelel\u0151en t\u00f6rt\u00e9nt, valamint k\u00e9rni, hogy \u00e9rtes\u00edts\u00e9k err\u0151l azokat a harmadik feleket, akiknek el\u0151z\u0151leg a szem\u00e9lyes adatait tov\u00e1bb\u00edtott\u00e1k,<\/p><p>Tiltakozni az ellen, hogy a feldolgozott adatainak kiz\u00e1r\u00f3lag automatiz\u00e1lt rendszereken kereszt\u00fcl t\u00f6rt\u00e9n\u0151 elemz\u00e9s\u00e9vel mag\u00e1val a szem\u00e9llyel szembeni eredm\u00e9ny mer\u00fclj\u00f6n fel,<\/p><p>Szem\u00e9lyes adatainak jogellenes kezel\u00e9s\u00e9b\u0151l ad\u00f3d\u00f3 vesztes\u00e9g eset\u00e9n k\u00e1rt\u00e9r\u00edt\u00e9s ig\u00e9nyl\u00e9se,<\/p><p>A T\u00f6rv\u00e9ny 28. \u00a7 (2) bekezd\u00e9s\u00e9ben felsorol\u00e1sra ker\u00fcltek azok a helyzetek, amelyekben az adattulajdonosoknak nincs ig\u00e9nyjogosults\u00e1ga, valamint ezzel \u00f6sszef\u00fcgg\u00e9sben;<\/p><p>A szem\u00e9lyes adatok kezel\u00e9se a b\u0171nmegel\u0151z\u00e9s vagy a nyomoz\u00e1s \u00e9rdek\u00e9ben sz\u00fcks\u00e9ges,<\/p><p>Az \u00e9rintett \u00e1ltal nyilv\u00e1noss\u00e1gra hozott szem\u00e9lyes adatok kezel\u00e9se,<\/p><p>A szem\u00e9lyes adatok kezel\u00e9se a fel\u00fcgyeleti vagy hat\u00f3s\u00e1gi feladatok ell\u00e1t\u00e1s\u00e1hoz, valamint az arra feljogos\u00edtott \u00e9s felhatalmazott k\u00f6zint\u00e9zm\u00e9nyek, valamint k\u00f6zint\u00e9zm\u00e9nyi jelleg\u0171 szervezetek \u00e9s szakmai szervezetek \u00e1ltal a t\u00f6rv\u00e9ny erej\u00e9n alapul\u00f3 fegyelmi vizsg\u00e1lathoz vagy b\u00fcntet\u0151elj\u00e1r\u00e1s lefolytat\u00e1s\u00e1hoz sz\u00fcks\u00e9ges,Abban az esetben, amikor a szem\u00e9lyes adatok kezel\u00e9se az \u00e1llam gazdas\u00e1gi \u00e9s p\u00e9nz\u00fcgyi \u00e9rdekeinek k\u00f6lts\u00e9gvet\u00e9si, ad\u00f3- \u00e9s p\u00e9nz\u00fcgyi \u00e9rdekeinek v\u00e9delme \u00e9rdek\u00e9ben sz\u00fcks\u00e9ges, az adatokra a fent eml\u00edtett jogok nem jogok nem \u00e9rv\u00e9nyes\u00fclnek.<\/p><p>A T\u00f6rv\u00e9ny 28. \u00a7 (1) bekezd\u00e9se alapj\u00e1n, mivel az adatok az al\u00e1bbi esetekben nem tartoznak a T\u00f6rv\u00e9ny hat\u00e1ly al\u00e1, \u00edgy az adattulajdonosok k\u00e9relmei ezen adatok tekintet\u00e9ben nem ker\u00fclnek feldolgoz\u00e1sra.<\/p><p>Szem\u00e9lyes adatok val\u00f3s szem\u00e9lyek \u00e1ltali, a vele egy\u00fctt vagy a k\u00f6z\u00f6s lak\u00f3helyen \u00e9l\u0151 csal\u00e1dtagjaikkal kapcsolatos tev\u00e9kenys\u00e9g\u00fck keret\u00e9ben t\u00f6rt\u00e9n\u0151 kezel\u00e9se, felt\u00e9ve, hogy azokat harmadik szem\u00e9lynek nem adj\u00e1k ki, \u00e9s az adatbiztons\u00e1ggal kapcsolatos k\u00f6telezetts\u00e9geket betartj\u00e1k.<\/p><p>Szem\u00e9lyes adatok feldolgoz\u00e1sa kutat\u00e1si, tervez\u00e9si \u00e9s statisztikai c\u00e9lokra a hivatalos statisztik\u00e1kkal val\u00f3 anonimiz\u00e1l\u00e1ssal.Szem\u00e9lyes adatok m\u0171v\u00e9szeti, t\u00f6rt\u00e9nelmi, irodalmi vagy tudom\u00e1nyos c\u00e9l\u00fa vagy a v\u00e9lem\u00e9nynyilv\u00e1n\u00edt\u00e1s szabads\u00e1ga keret\u00e9ben t\u00f6rt\u00e9n\u0151 kezel\u00e9se, felt\u00e9ve, hogy az nem s\u00e9rti a honv\u00e9delmet, a nemzetbiztons\u00e1got, a k\u00f6zbiztons\u00e1got, a k\u00f6zrendet, a gazdas\u00e1gi biztons\u00e1got, a mag\u00e1n\u00e9let v\u00e9delm\u00e9t vagy a szem\u00e9lyis\u00e9gi jogokat vagy nem min\u0151s\u00fcl b\u0171ncselekm\u00e9nynek.Szem\u00e9lyes adatok kezel\u00e9se a honv\u00e9delem, a nemzetbiztons\u00e1g, a k\u00f6zbiztons\u00e1g, a k\u00f6zrend vagy a gazdas\u00e1gbiztons\u00e1g \u00e9rdek\u00e9ben a jogszab\u00e1lyban feljogos\u00edtott k\u00f6zint\u00e9zm\u00e9nyek, szervezetek \u00e1ltal v\u00e9gzett megel\u0151z\u0151, v\u00e9d\u0151 \u00e9s h\u00edrszerz\u0151 tev\u00e9kenys\u00e9g keret\u00e9ben.Szem\u00e9lyes adatok igazs\u00e1g\u00fcgyi vagy v\u00e9grehajt\u00f3 hat\u00f3s\u00e1gok \u00e1ltali feldolgoz\u00e1sa nyomoz\u00e1ssal, v\u00e1demel\u00e9ssel, t\u00e1rgyal\u00e1ssal vagy v\u00e9grehajt\u00e1si elj\u00e1r\u00e1ssal kapcsolatban.\u00a0Az adattulajdonosok jogainak gyakorl\u00e1sa\u00a0Az adattulajdonosok az <a href=\"mailto:info@yakem.net\">info@yakem.net<\/a> e-mail c\u00edmre k\u00fcld\u00f6tt level\u00fckkel jelentkezhetnek a fent eml\u00edtett jogok gyakorl\u00e1s\u00e1ra.\u00a0A Szem\u00e9lyes Adatv\u00e9delmi Tan\u00e1cs \u00e1ltal el\u0151\u00edrt m\u00f3don.\u00a0A T\u00e1rsas\u00e1g a jog\u00e1val \u00e9lni k\u00edv\u00e1n\u00f3 adattulajdonosoknak a T\u00f6rv\u00e9nyben el\u0151\u00edrt hat\u00e1rokon bel\u00fcl, legfeljebb harminc (30) napon bel\u00fcl v\u00e1laszol a T\u00f6rv\u00e9nyben meghat\u00e1rozottak alapj\u00e1n.Ahhoz, hogy a szem\u00e9lyes adatok birtokosai nev\u00e9ben harmadik szem\u00e9lyek jelentkezhessenek, az adattulajdonos \u00e1ltal a k\u00e9relmez\u0151 nev\u00e9ben k\u00f6zjegyz\u0151 \u00fatj\u00e1n ki\u00e1ll\u00edtott k\u00fcl\u00f6n meghatalmaz\u00e1s jelen kell, hogy legyen.B\u00e1r az adattulajdonosi k\u00e9relmek feldolgoz\u00e1sa a f\u0151szab\u00e1ly szerint ingyenes, azonban a Szem\u00e9lyes Adatv\u00e9delmi Tan\u00e1cs \u00e1ltal meghat\u00e1rozott d\u00edjszab\u00e1s alapj\u00e1n d\u00edjat sz\u00e1molhatnak fel.A T\u00e1rsas\u00e1g az \u00e9rintett szem\u00e9lyt\u0151l t\u00e1j\u00e9koztat\u00e1st k\u00e9rhet annak meg\u00e1llap\u00edt\u00e1sa \u00e9rdek\u00e9ben, hogy a k\u00e9relmez\u0151 a szem\u00e9lyes adatok tulajdonosa-e, valamint a k\u00e9relemmel kapcsolatos k\u00e9r\u00e9seket tehet fel a k\u00e9relemeben meghat\u00e1rozott k\u00e9rd\u00e9sek tiszt\u00e1z\u00e1sa \u00e9rdek\u00e9ben.<\/p>\t\t\t\t\t\t\t\t<\/div>\n\t\t\t\t<\/div>\n\t\t\t\t\t<\/div>\n\t\t<\/div>\n\t\t\t\t\t<\/div>\n\t\t<\/section>\n\t\t\t\t<\/div>\n\t\t","protected":false},"excerpt":{"rendered":"<p>YAKEM K\u00c9MIAI IPARI \u00c9S KERESKEDELMI KORL\u00c1TOLT FELEL\u0150SS\u00c9G\u0170 T\u00c1RSAS\u00c1G A YAKEM K\u00c9MIAI IPARI \u00c9S KERESKEDELMI KORL\u00c1TOLT FELEL\u0150SS\u00c9G\u0170 T\u00c1RSAS\u00c1G SZEML\u00c9LTET\u0150 SZ\u00d6VEGE A SZEM\u00c9LYES ADATOK V\u00c9DELM\u00c9R\u0150L. Adatkezel\u0151: A szem\u00e9lyes adatok v\u00e9delm\u00e9r\u0151l sz\u00f3l\u00f3 6698. sz\u00e1m\u00fa t\u00f6rv\u00e9ny (\u201eT\u00f6rv\u00e9ny\u201d) \u00e9rtelm\u00e9ben a YAKEM K\u00c9MIAI IPARI \u00c9S KERESKEDELMI KORL\u00c1TOLT FELEL\u0150SS\u00c9G\u0170 T\u00c1RSAS\u00c1G, mint adatkezel\u0151, az \u00d6n szem\u00e9lyes adatait az al\u00e1bbiakban ismertetett hat\u00f3k\u00f6rben kezelheti. A [&hellip;]<\/p>\n","protected":false},"author":1,"featured_media":0,"parent":0,"menu_order":0,"comment_status":"closed","ping_status":"closed","template":"","meta":{"footnotes":""},"class_list":["post-10252","page","type-page","status-publish","hentry"],"_links":{"self":[{"href":"https:\/\/yakemeurope.com\/hu\/wp-json\/wp\/v2\/pages\/10252","targetHints":{"allow":["GET"]}}],"collection":[{"href":"https:\/\/yakemeurope.com\/hu\/wp-json\/wp\/v2\/pages"}],"about":[{"href":"https:\/\/yakemeurope.com\/hu\/wp-json\/wp\/v2\/types\/page"}],"author":[{"embeddable":true,"href":"https:\/\/yakemeurope.com\/hu\/wp-json\/wp\/v2\/users\/1"}],"replies":[{"embeddable":true,"href":"https:\/\/yakemeurope.com\/hu\/wp-json\/wp\/v2\/comments?post=10252"}],"version-history":[{"count":7,"href":"https:\/\/yakemeurope.com\/hu\/wp-json\/wp\/v2\/pages\/10252\/revisions"}],"predecessor-version":[{"id":10471,"href":"https:\/\/yakemeurope.com\/hu\/wp-json\/wp\/v2\/pages\/10252\/revisions\/10471"}],"wp:attachment":[{"href":"https:\/\/yakemeurope.com\/hu\/wp-json\/wp\/v2\/media?parent=10252"}],"curies":[{"name":"wp","href":"https:\/\/api.w.org\/{rel}","templated":true}]}}