{"id":10242,"date":"2023-04-28T12:05:18","date_gmt":"2023-04-28T12:05:18","guid":{"rendered":"https:\/\/yakemeurope.com\/lubricant-additives\/"},"modified":"2023-05-22T10:01:29","modified_gmt":"2023-05-22T10:01:29","slug":"kenoanyag-adalekok","status":"publish","type":"page","link":"https:\/\/yakemeurope.com\/hu\/kenoanyag-adalekok\/","title":{"rendered":"Ken\u0151anyag-adal\u00e9kok"},"content":{"rendered":"\t\t<div data-elementor-type=\"wp-page\" data-elementor-id=\"10242\" class=\"elementor elementor-10242 elementor-10017\">\n\t\t\t\t\t\t<section class=\"elementor-section elementor-top-section elementor-element elementor-element-bd18bf1 elementor-section-full_width elementor-section-height-default elementor-section-height-default\" data-id=\"bd18bf1\" data-element_type=\"section\" data-e-type=\"section\">\n\t\t\t\t\t\t<div class=\"elementor-container elementor-column-gap-no\">\n\t\t\t\t\t<div class=\"elementor-column elementor-col-100 elementor-top-column elementor-element elementor-element-fa30785\" data-id=\"fa30785\" data-element_type=\"column\" data-e-type=\"column\">\n\t\t\t<div class=\"elementor-widget-wrap elementor-element-populated\">\n\t\t\t\t\t\t<section class=\"elementor-section elementor-inner-section elementor-element elementor-element-4a249a1 elementor-section-full_width elementor-section-height-min-height hakkimizdaimg elementor-section-height-default\" data-id=\"4a249a1\" data-element_type=\"section\" data-e-type=\"section\" data-settings=\"{&quot;background_background&quot;:&quot;classic&quot;}\">\n\t\t\t\t\t\t<div class=\"elementor-container elementor-column-gap-no\">\n\t\t\t\t\t<div class=\"elementor-column elementor-col-100 elementor-inner-column elementor-element elementor-element-d285bcc\" data-id=\"d285bcc\" data-element_type=\"column\" data-e-type=\"column\">\n\t\t\t<div class=\"elementor-widget-wrap\">\n\t\t\t\t\t\t\t<\/div>\n\t\t<\/div>\n\t\t\t\t\t<\/div>\n\t\t<\/section>\n\t\t\t\t\t<\/div>\n\t\t<\/div>\n\t\t\t\t\t<\/div>\n\t\t<\/section>\n\t\t\t\t<section class=\"elementor-section elementor-top-section elementor-element elementor-element-16c1113 elementor-section-full_width elementor-section-height-default elementor-section-height-default\" data-id=\"16c1113\" data-element_type=\"section\" data-e-type=\"section\" data-settings=\"{&quot;background_background&quot;:&quot;classic&quot;}\">\n\t\t\t\t\t\t<div class=\"elementor-container elementor-column-gap-no\">\n\t\t\t\t\t<div class=\"elementor-column elementor-col-100 elementor-top-column elementor-element elementor-element-41d08d8\" data-id=\"41d08d8\" data-element_type=\"column\" data-e-type=\"column\">\n\t\t\t<div class=\"elementor-widget-wrap elementor-element-populated\">\n\t\t\t\t\t\t<div class=\"elementor-element elementor-element-698d067 elementor-widget elementor-widget-marity_core_section_title\" data-id=\"698d067\" data-element_type=\"widget\" data-e-type=\"widget\" data-widget_type=\"marity_core_section_title.default\">\n\t\t\t\t<div class=\"elementor-widget-container\">\n\t\t\t\t\t<div class=\"qodef-shortcode qodef-m  qodef-section-title qodef-show_supertitle--no qodef-alignment--left \">\n    \t\t<p class=\"qodef-m-title\" style=\"color: #20313A;font-size: 50px;font-weight: 400;line-height: 60px\">\n\t\t\t\t\tKen\u0151anyag-adal\u00e9kok\t\t\t<\/p>\n\t    <\/div>\n\t\t\t\t<\/div>\n\t\t\t\t<\/div>\n\t\t\t\t<section class=\"elementor-section elementor-inner-section elementor-element elementor-element-80e4af5 elementor-section-full_width elementor-section-height-default elementor-section-height-default\" data-id=\"80e4af5\" data-element_type=\"section\" data-e-type=\"section\">\n\t\t\t\t\t\t<div class=\"elementor-container elementor-column-gap-default\">\n\t\t\t\t\t<div class=\"elementor-column elementor-col-33 elementor-inner-column elementor-element elementor-element-339fe7b\" data-id=\"339fe7b\" data-element_type=\"column\" data-e-type=\"column\" data-settings=\"{&quot;background_background&quot;:&quot;classic&quot;}\">\n\t\t\t<div class=\"elementor-widget-wrap elementor-element-populated\">\n\t\t\t\t\t\t<div class=\"elementor-element elementor-element-9619724 elementor-widget__width-initial elementor-widget elementor-widget-marity_core_section_title\" data-id=\"9619724\" data-element_type=\"widget\" data-e-type=\"widget\" data-widget_type=\"marity_core_section_title.default\">\n\t\t\t\t<div class=\"elementor-widget-container\">\n\t\t\t\t\t<div class=\"qodef-shortcode qodef-m  qodef-section-title qodef-show_supertitle--no qodef-alignment--left \">\n    \t\t<h4 class=\"qodef-m-title\" >\n\t\t\t\t\tEMULGE\u00c1L\u00d3SZEREK\t\t\t<\/h4>\n\t    <\/div>\n\t\t\t\t<\/div>\n\t\t\t\t<\/div>\n\t\t\t\t<div class=\"elementor-element elementor-element-bd42f63 elementor-widget elementor-widget-marity_core_icon_list_item\" data-id=\"bd42f63\" data-element_type=\"widget\" data-e-type=\"widget\" data-widget_type=\"marity_core_icon_list_item.default\">\n\t\t\t\t<div class=\"elementor-widget-container\">\n\t\t\t\t\t<div class=\"qodef-icon-list-item qodef-icon--svg-icon\" >\n\t<p class=\"qodef-e-title\">\n\t\t\t\t\t<span class=\"qodef-e-title-inner\">\n\t\t\t\t    <span class=\"qodef-m-svg\" style=\"width: 8px;margin: 0 15px 0 0\">\r\n        <svg xmlns=\"http:\/\/www.w3.org\/2000\/svg\" width=\"29.2021\" height=\"30.752\" viewBox=\"0 0 29.2021 30.752\"><path d=\"M16.8018 0 15.748 11.5938 10.54 14.57 0 9.6719l2.79-4.774 7.13 5.208 2.2939-1.3022L11.2222.062ZM0 21.08l10.54-4.8984 5.208 2.9761 1.0538 11.5943-5.58-.062.9917-8.7422L9.92 20.646l-7.13 5.208Zm26.4121 3.9678-9.4863-6.6958V12.4l9.4863-6.6963 2.79 4.8364-8.1221 3.5336v2.604l8.1221 3.5342Z\" fill=\"#7baecf\"\/><\/svg>    <\/span>\r\n\t\t\t\t<span class=\"qodef-e-title-text\"  >B\u00f3rolaj emulge\u00e1l\u00f3szer (CNC g\u00e9pekhez)<\/span>\n\t\t\t<\/span>\n\t\t\t<\/p>\n<\/div>\n\t\t\t\t<\/div>\n\t\t\t\t<\/div>\n\t\t\t\t<div class=\"elementor-element elementor-element-958da37 elementor-widget elementor-widget-marity_core_icon_list_item\" data-id=\"958da37\" data-element_type=\"widget\" data-e-type=\"widget\" data-widget_type=\"marity_core_icon_list_item.default\">\n\t\t\t\t<div class=\"elementor-widget-container\">\n\t\t\t\t\t<div class=\"qodef-icon-list-item qodef-icon--svg-icon\" >\n\t<p class=\"qodef-e-title\">\n\t\t\t\t\t<span class=\"qodef-e-title-inner\">\n\t\t\t\t    <span class=\"qodef-m-svg\" style=\"width: 8px;margin: 0 15px 0 0\">\r\n        <svg xmlns=\"http:\/\/www.w3.org\/2000\/svg\" width=\"29.2021\" height=\"30.752\" viewBox=\"0 0 29.2021 30.752\"><path d=\"M16.8018 0 15.748 11.5938 10.54 14.57 0 9.6719l2.79-4.774 7.13 5.208 2.2939-1.3022L11.2222.062ZM0 21.08l10.54-4.8984 5.208 2.9761 1.0538 11.5943-5.58-.062.9917-8.7422L9.92 20.646l-7.13 5.208Zm26.4121 3.9678-9.4863-6.6958V12.4l9.4863-6.6963 2.79 4.8364-8.1221 3.5336v2.604l8.1221 3.5342Z\" fill=\"#7baecf\"\/><\/svg>    <\/span>\r\n\t\t\t\t<span class=\"qodef-e-title-text\"  >Kever\u0151olaj-emulge\u00e1l\u00f3szer       (ken\u0151anyag-adal\u00e9kanyagokhoz)<\/span>\n\t\t\t<\/span>\n\t\t\t<\/p>\n<\/div>\n\t\t\t\t<\/div>\n\t\t\t\t<\/div>\n\t\t\t\t<div class=\"elementor-element elementor-element-0289449 elementor-widget elementor-widget-marity_core_icon_list_item\" data-id=\"0289449\" data-element_type=\"widget\" data-e-type=\"widget\" data-widget_type=\"marity_core_icon_list_item.default\">\n\t\t\t\t<div class=\"elementor-widget-container\">\n\t\t\t\t\t<div class=\"qodef-icon-list-item qodef-icon--svg-icon\" >\n\t<p class=\"qodef-e-title\">\n\t\t\t\t\t<span class=\"qodef-e-title-inner\">\n\t\t\t\t    <span class=\"qodef-m-svg\" style=\"width: 8px;margin: 0 15px 0 0\">\r\n        <svg xmlns=\"http:\/\/www.w3.org\/2000\/svg\" width=\"29.2021\" height=\"30.752\" viewBox=\"0 0 29.2021 30.752\"><path d=\"M16.8018 0 15.748 11.5938 10.54 14.57 0 9.6719l2.79-4.774 7.13 5.208 2.2939-1.3022L11.2222.062ZM0 21.08l10.54-4.8984 5.208 2.9761 1.0538 11.5943-5.58-.062.9917-8.7422L9.92 20.646l-7.13 5.208Zm26.4121 3.9678-9.4863-6.6958V12.4l9.4863-6.6963 2.79 4.8364-8.1221 3.5336v2.604l8.1221 3.5342Z\" fill=\"#7baecf\"\/><\/svg>    <\/span>\r\n\t\t\t\t<span class=\"qodef-e-title-text\"  >K\u00f6t\u0151olaj-emulge\u00e1l\u00f3szer      (textilipari alkalmaz\u00e1sokhoz)<\/span>\n\t\t\t<\/span>\n\t\t\t<\/p>\n<\/div>\n\t\t\t\t<\/div>\n\t\t\t\t<\/div>\n\t\t\t\t\t<\/div>\n\t\t<\/div>\n\t\t\t\t<div class=\"elementor-column elementor-col-33 elementor-inner-column elementor-element elementor-element-3614525\" data-id=\"3614525\" data-element_type=\"column\" data-e-type=\"column\" data-settings=\"{&quot;background_background&quot;:&quot;classic&quot;}\">\n\t\t\t<div class=\"elementor-widget-wrap elementor-element-populated\">\n\t\t\t\t\t\t<div class=\"elementor-element elementor-element-3ec8a2e elementor-widget__width-initial elementor-widget elementor-widget-marity_core_section_title\" data-id=\"3ec8a2e\" data-element_type=\"widget\" data-e-type=\"widget\" data-widget_type=\"marity_core_section_title.default\">\n\t\t\t\t<div class=\"elementor-widget-container\">\n\t\t\t\t\t<div class=\"qodef-shortcode qodef-m  qodef-section-title qodef-show_supertitle--no qodef-alignment--left \">\n    \t\t<h4 class=\"qodef-m-title\" >\n\t\t\t\t\tKORR\u00d3ZI\u00d3G\u00c1TL\u00d3K\t\t\t<\/h4>\n\t    <\/div>\n\t\t\t\t<\/div>\n\t\t\t\t<\/div>\n\t\t\t\t<div class=\"elementor-element elementor-element-2614de5 elementor-widget elementor-widget-marity_core_icon_list_item\" data-id=\"2614de5\" data-element_type=\"widget\" data-e-type=\"widget\" data-widget_type=\"marity_core_icon_list_item.default\">\n\t\t\t\t<div class=\"elementor-widget-container\">\n\t\t\t\t\t<div class=\"qodef-icon-list-item qodef-icon--svg-icon\" >\n\t<p class=\"qodef-e-title\">\n\t\t\t\t\t<span class=\"qodef-e-title-inner\">\n\t\t\t\t    <span class=\"qodef-m-svg\" style=\"width: 8px;margin: 0 15px 0 0\">\r\n        <svg xmlns=\"http:\/\/www.w3.org\/2000\/svg\" width=\"29.2021\" height=\"30.752\" viewBox=\"0 0 29.2021 30.752\"><path d=\"M16.8018 0 15.748 11.5938 10.54 14.57 0 9.6719l2.79-4.774 7.13 5.208 2.2939-1.3022L11.2222.062ZM0 21.08l10.54-4.8984 5.208 2.9761 1.0538 11.5943-5.58-.062.9917-8.7422L9.92 20.646l-7.13 5.208Zm26.4121 3.9678-9.4863-6.6958V12.4l9.4863-6.6963 2.79 4.8364-8.1221 3.5336v2.604l8.1221 3.5342Z\" fill=\"#7baecf\"\/><\/svg>    <\/span>\r\n\t\t\t\t<span class=\"qodef-e-title-text\"  >Imidazolin alap\u00fa hat\u00f3anyagok<\/span>\n\t\t\t<\/span>\n\t\t\t<\/p>\n<\/div>\n\t\t\t\t<\/div>\n\t\t\t\t<\/div>\n\t\t\t\t<div class=\"elementor-element elementor-element-d306c19 elementor-widget elementor-widget-marity_core_icon_list_item\" data-id=\"d306c19\" data-element_type=\"widget\" data-e-type=\"widget\" data-widget_type=\"marity_core_icon_list_item.default\">\n\t\t\t\t<div class=\"elementor-widget-container\">\n\t\t\t\t\t<div class=\"qodef-icon-list-item qodef-icon--svg-icon\" >\n\t<p class=\"qodef-e-title\">\n\t\t\t\t\t<span class=\"qodef-e-title-inner\">\n\t\t\t\t    <span class=\"qodef-m-svg\" style=\"width: 8px;margin: 0 15px 0 0\">\r\n        <svg xmlns=\"http:\/\/www.w3.org\/2000\/svg\" width=\"29.2021\" height=\"30.752\" viewBox=\"0 0 29.2021 30.752\"><path d=\"M16.8018 0 15.748 11.5938 10.54 14.57 0 9.6719l2.79-4.774 7.13 5.208 2.2939-1.3022L11.2222.062ZM0 21.08l10.54-4.8984 5.208 2.9761 1.0538 11.5943-5.58-.062.9917-8.7422L9.92 20.646l-7.13 5.208Zm26.4121 3.9678-9.4863-6.6958V12.4l9.4863-6.6963 2.79 4.8364-8.1221 3.5336v2.604l8.1221 3.5342Z\" fill=\"#7baecf\"\/><\/svg>    <\/span>\r\n\t\t\t\t<span class=\"qodef-e-title-text\"  >Amin-zs\u00edrsav-\u00e9szterek<\/span>\n\t\t\t<\/span>\n\t\t\t<\/p>\n<\/div>\n\t\t\t\t<\/div>\n\t\t\t\t<\/div>\n\t\t\t\t\t<\/div>\n\t\t<\/div>\n\t\t\t\t<div class=\"elementor-column elementor-col-33 elementor-inner-column elementor-element elementor-element-58e4944\" data-id=\"58e4944\" data-element_type=\"column\" data-e-type=\"column\" data-settings=\"{&quot;background_background&quot;:&quot;classic&quot;}\">\n\t\t\t<div class=\"elementor-widget-wrap elementor-element-populated\">\n\t\t\t\t\t\t<div class=\"elementor-element elementor-element-7916135 elementor-widget__width-initial elementor-widget elementor-widget-marity_core_section_title\" data-id=\"7916135\" data-element_type=\"widget\" data-e-type=\"widget\" data-widget_type=\"marity_core_section_title.default\">\n\t\t\t\t<div class=\"elementor-widget-container\">\n\t\t\t\t\t<div class=\"qodef-shortcode qodef-m  qodef-section-title qodef-show_supertitle--no qodef-alignment--left \">\n    \t\t<h4 class=\"qodef-m-title\" >\n\t\t\t\t\tNYOM\u00c1S- \u00c9S S\u00daRL\u00d3D\u00c1SG\u00c1TL\u00d3 ADAL\u00c9KOK\t\t\t<\/h4>\n\t    <\/div>\n\t\t\t\t<\/div>\n\t\t\t\t<\/div>\n\t\t\t\t<div class=\"elementor-element elementor-element-4a2390d elementor-widget elementor-widget-marity_core_icon_list_item\" data-id=\"4a2390d\" data-element_type=\"widget\" data-e-type=\"widget\" data-widget_type=\"marity_core_icon_list_item.default\">\n\t\t\t\t<div class=\"elementor-widget-container\">\n\t\t\t\t\t<div class=\"qodef-icon-list-item qodef-icon--svg-icon\" >\n\t<p class=\"qodef-e-title\">\n\t\t\t\t\t<span class=\"qodef-e-title-inner\">\n\t\t\t\t    <span class=\"qodef-m-svg\" style=\"width: 8px;margin: 0 15px 0 0\">\r\n        <svg xmlns=\"http:\/\/www.w3.org\/2000\/svg\" width=\"29.2021\" height=\"30.752\" viewBox=\"0 0 29.2021 30.752\"><path d=\"M16.8018 0 15.748 11.5938 10.54 14.57 0 9.6719l2.79-4.774 7.13 5.208 2.2939-1.3022L11.2222.062ZM0 21.08l10.54-4.8984 5.208 2.9761 1.0538 11.5943-5.58-.062.9917-8.7422L9.92 20.646l-7.13 5.208Zm26.4121 3.9678-9.4863-6.6958V12.4l9.4863-6.6963 2.79 4.8364-8.1221 3.5336v2.604l8.1221 3.5342Z\" fill=\"#7baecf\"\/><\/svg>    <\/span>\r\n\t\t\t\t<span class=\"qodef-e-title-text\"  >Foszf\u00e1t\u00e9szter alap\u00fa hat\u00f3anyagok<\/span>\n\t\t\t<\/span>\n\t\t\t<\/p>\n<\/div>\n\t\t\t\t<\/div>\n\t\t\t\t<\/div>\n\t\t\t\t\t<\/div>\n\t\t<\/div>\n\t\t\t\t\t<\/div>\n\t\t<\/section>\n\t\t\t\t<section class=\"elementor-section elementor-inner-section elementor-element elementor-element-1902483 elementor-section-full_width elementor-section-height-default elementor-section-height-default\" data-id=\"1902483\" data-element_type=\"section\" data-e-type=\"section\">\n\t\t\t\t\t\t<div class=\"elementor-container elementor-column-gap-default\">\n\t\t\t\t\t<div class=\"elementor-column elementor-col-33 elementor-inner-column elementor-element elementor-element-76eaeec\" data-id=\"76eaeec\" data-element_type=\"column\" data-e-type=\"column\" data-settings=\"{&quot;background_background&quot;:&quot;classic&quot;}\">\n\t\t\t<div class=\"elementor-widget-wrap elementor-element-populated\">\n\t\t\t\t\t\t<div class=\"elementor-element elementor-element-82f7944 elementor-widget__width-initial elementor-widget elementor-widget-marity_core_section_title\" data-id=\"82f7944\" data-element_type=\"widget\" data-e-type=\"widget\" data-widget_type=\"marity_core_section_title.default\">\n\t\t\t\t<div class=\"elementor-widget-container\">\n\t\t\t\t\t<div class=\"qodef-shortcode qodef-m  qodef-section-title qodef-show_supertitle--no qodef-alignment--left \">\n    \t\t<h4 class=\"qodef-m-title\" >\n\t\t\t\t\tBIOCIDOK\t\t\t<\/h4>\n\t    <\/div>\n\t\t\t\t<\/div>\n\t\t\t\t<\/div>\n\t\t\t\t<div class=\"elementor-element elementor-element-bcb5689 elementor-widget elementor-widget-marity_core_icon_list_item\" data-id=\"bcb5689\" data-element_type=\"widget\" data-e-type=\"widget\" data-widget_type=\"marity_core_icon_list_item.default\">\n\t\t\t\t<div class=\"elementor-widget-container\">\n\t\t\t\t\t<div class=\"qodef-icon-list-item qodef-icon--svg-icon\" >\n\t<p class=\"qodef-e-title\">\n\t\t\t\t\t<span class=\"qodef-e-title-inner\">\n\t\t\t\t    <span class=\"qodef-m-svg\" style=\"width: 8px;margin: 0 15px 0 0\">\r\n        <svg xmlns=\"http:\/\/www.w3.org\/2000\/svg\" width=\"29.2021\" height=\"30.752\" viewBox=\"0 0 29.2021 30.752\"><path d=\"M16.8018 0 15.748 11.5938 10.54 14.57 0 9.6719l2.79-4.774 7.13 5.208 2.2939-1.3022L11.2222.062ZM0 21.08l10.54-4.8984 5.208 2.9761 1.0538 11.5943-5.58-.062.9917-8.7422L9.92 20.646l-7.13 5.208Zm26.4121 3.9678-9.4863-6.6958V12.4l9.4863-6.6963 2.79 4.8364-8.1221 3.5336v2.604l8.1221 3.5342Z\" fill=\"#7baecf\"\/><\/svg>    <\/span>\r\n\t\t\t\t<span class=\"qodef-e-title-text\"  >Formaldehid-mentes bakt\u00e9rium\u00f6l\u0151 adal\u00e9kanyagok <\/span>\n\t\t\t<\/span>\n\t\t\t<\/p>\n<\/div>\n\t\t\t\t<\/div>\n\t\t\t\t<\/div>\n\t\t\t\t\t<\/div>\n\t\t<\/div>\n\t\t\t\t<div class=\"elementor-column elementor-col-33 elementor-inner-column elementor-element elementor-element-3eb3467\" data-id=\"3eb3467\" data-element_type=\"column\" data-e-type=\"column\" data-settings=\"{&quot;background_background&quot;:&quot;classic&quot;}\">\n\t\t\t<div class=\"elementor-widget-wrap elementor-element-populated\">\n\t\t\t\t\t\t<div class=\"elementor-element elementor-element-1c6af13 elementor-widget__width-initial elementor-widget elementor-widget-marity_core_section_title\" data-id=\"1c6af13\" data-element_type=\"widget\" data-e-type=\"widget\" data-widget_type=\"marity_core_section_title.default\">\n\t\t\t\t<div class=\"elementor-widget-container\">\n\t\t\t\t\t<div class=\"qodef-shortcode qodef-m  qodef-section-title qodef-show_supertitle--no qodef-alignment--left \">\n    \t\t<h4 class=\"qodef-m-title\" >\n\t\t\t\t\tANTISZTATIKUS ADAL\u00c9KANYAGOK\t\t\t<\/h4>\n\t    <\/div>\n\t\t\t\t<\/div>\n\t\t\t\t<\/div>\n\t\t\t\t<div class=\"elementor-element elementor-element-2e1f2a1 elementor-widget elementor-widget-marity_core_icon_list_item\" data-id=\"2e1f2a1\" data-element_type=\"widget\" data-e-type=\"widget\" data-widget_type=\"marity_core_icon_list_item.default\">\n\t\t\t\t<div class=\"elementor-widget-container\">\n\t\t\t\t\t<div class=\"qodef-icon-list-item qodef-icon--svg-icon\" >\n\t<p class=\"qodef-e-title\">\n\t\t\t\t\t<span class=\"qodef-e-title-inner\">\n\t\t\t\t    <span class=\"qodef-m-svg\" style=\"width: 8px;margin: 0 15px 0 0\">\r\n        <svg xmlns=\"http:\/\/www.w3.org\/2000\/svg\" width=\"29.2021\" height=\"30.752\" viewBox=\"0 0 29.2021 30.752\"><path d=\"M16.8018 0 15.748 11.5938 10.54 14.57 0 9.6719l2.79-4.774 7.13 5.208 2.2939-1.3022L11.2222.062ZM0 21.08l10.54-4.8984 5.208 2.9761 1.0538 11.5943-5.58-.062.9917-8.7422L9.92 20.646l-7.13 5.208Zm26.4121 3.9678-9.4863-6.6958V12.4l9.4863-6.6963 2.79 4.8364-8.1221 3.5336v2.604l8.1221 3.5342Z\" fill=\"#7baecf\"\/><\/svg>    <\/span>\r\n\t\t\t\t<span class=\"qodef-e-title-text\"  >Speci\u00e1lis zs\u00edrsav\u00e9szterek <\/span>\n\t\t\t<\/span>\n\t\t\t<\/p>\n<\/div>\n\t\t\t\t<\/div>\n\t\t\t\t<\/div>\n\t\t\t\t\t<\/div>\n\t\t<\/div>\n\t\t\t\t<div class=\"elementor-column elementor-col-33 elementor-inner-column elementor-element elementor-element-a230eb2\" data-id=\"a230eb2\" data-element_type=\"column\" data-e-type=\"column\" data-settings=\"{&quot;background_background&quot;:&quot;classic&quot;}\">\n\t\t\t<div class=\"elementor-widget-wrap elementor-element-populated\">\n\t\t\t\t\t\t<div class=\"elementor-element elementor-element-f4503ef elementor-widget__width-initial elementor-widget elementor-widget-marity_core_section_title\" data-id=\"f4503ef\" data-element_type=\"widget\" data-e-type=\"widget\" data-widget_type=\"marity_core_section_title.default\">\n\t\t\t\t<div class=\"elementor-widget-container\">\n\t\t\t\t\t<div class=\"qodef-shortcode qodef-m  qodef-section-title qodef-show_supertitle--no qodef-alignment--left \">\n    \t\t<h4 class=\"qodef-m-title\" >\n\t\t\t\t\tHABZ\u00c1SG\u00c1TL\u00d3K\t\t\t<\/h4>\n\t    <\/div>\n\t\t\t\t<\/div>\n\t\t\t\t<\/div>\n\t\t\t\t<div class=\"elementor-element elementor-element-16c35e8 elementor-widget elementor-widget-marity_core_icon_list_item\" data-id=\"16c35e8\" data-element_type=\"widget\" data-e-type=\"widget\" data-widget_type=\"marity_core_icon_list_item.default\">\n\t\t\t\t<div class=\"elementor-widget-container\">\n\t\t\t\t\t<div class=\"qodef-icon-list-item qodef-icon--svg-icon\" >\n\t<p class=\"qodef-e-title\">\n\t\t\t\t\t<span class=\"qodef-e-title-inner\">\n\t\t\t\t    <span class=\"qodef-m-svg\" style=\"width: 8px;margin: 0 15px 0 0\">\r\n        <svg xmlns=\"http:\/\/www.w3.org\/2000\/svg\" width=\"29.2021\" height=\"30.752\" viewBox=\"0 0 29.2021 30.752\"><path d=\"M16.8018 0 15.748 11.5938 10.54 14.57 0 9.6719l2.79-4.774 7.13 5.208 2.2939-1.3022L11.2222.062ZM0 21.08l10.54-4.8984 5.208 2.9761 1.0538 11.5943-5.58-.062.9917-8.7422L9.92 20.646l-7.13 5.208Zm26.4121 3.9678-9.4863-6.6958V12.4l9.4863-6.6963 2.79 4.8364-8.1221 3.5336v2.604l8.1221 3.5342Z\" fill=\"#7baecf\"\/><\/svg>    <\/span>\r\n\t\t\t\t<span class=\"qodef-e-title-text\"  >Olajban old\u00f3d\u00f3, nem csom\u00f3sod\u00f3 \u00e9s nem \u00fcleped\u0151 habz\u00e1sg\u00e1tl\u00f3k<\/span>\n\t\t\t<\/span>\n\t\t\t<\/p>\n<\/div>\n\t\t\t\t<\/div>\n\t\t\t\t<\/div>\n\t\t\t\t\t<\/div>\n\t\t<\/div>\n\t\t\t\t\t<\/div>\n\t\t<\/section>\n\t\t\t\t\t<\/div>\n\t\t<\/div>\n\t\t\t\t\t<\/div>\n\t\t<\/section>\n\t\t\t\t<\/div>\n\t\t","protected":false},"excerpt":{"rendered":"<p>Ken\u0151anyag-adal\u00e9kok EMULGE\u00c1L\u00d3SZEREK B\u00f3rolaj emulge\u00e1l\u00f3szer (CNC g\u00e9pekhez) Kever\u0151olaj-emulge\u00e1l\u00f3szer (ken\u0151anyag-adal\u00e9kanyagokhoz) K\u00f6t\u0151olaj-emulge\u00e1l\u00f3szer (textilipari alkalmaz\u00e1sokhoz) KORR\u00d3ZI\u00d3G\u00c1TL\u00d3K Imidazolin alap\u00fa hat\u00f3anyagok Amin-zs\u00edrsav-\u00e9szterek NYOM\u00c1S- \u00c9S S\u00daRL\u00d3D\u00c1SG\u00c1TL\u00d3 ADAL\u00c9KOK Foszf\u00e1t\u00e9szter alap\u00fa hat\u00f3anyagok BIOCIDOK Formaldehid-mentes bakt\u00e9rium\u00f6l\u0151 adal\u00e9kanyagok ANTISZTATIKUS ADAL\u00c9KANYAGOK Speci\u00e1lis zs\u00edrsav\u00e9szterek HABZ\u00c1SG\u00c1TL\u00d3K Olajban old\u00f3d\u00f3, nem csom\u00f3sod\u00f3 \u00e9s nem \u00fcleped\u0151 habz\u00e1sg\u00e1tl\u00f3k<\/p>\n","protected":false},"author":1,"featured_media":0,"parent":0,"menu_order":0,"comment_status":"closed","ping_status":"closed","template":"page-full-width.php","meta":{"footnotes":""},"class_list":["post-10242","page","type-page","status-publish","hentry"],"_links":{"self":[{"href":"https:\/\/yakemeurope.com\/hu\/wp-json\/wp\/v2\/pages\/10242","targetHints":{"allow":["GET"]}}],"collection":[{"href":"https:\/\/yakemeurope.com\/hu\/wp-json\/wp\/v2\/pages"}],"about":[{"href":"https:\/\/yakemeurope.com\/hu\/wp-json\/wp\/v2\/types\/page"}],"author":[{"embeddable":true,"href":"https:\/\/yakemeurope.com\/hu\/wp-json\/wp\/v2\/users\/1"}],"replies":[{"embeddable":true,"href":"https:\/\/yakemeurope.com\/hu\/wp-json\/wp\/v2\/comments?post=10242"}],"version-history":[{"count":10,"href":"https:\/\/yakemeurope.com\/hu\/wp-json\/wp\/v2\/pages\/10242\/revisions"}],"predecessor-version":[{"id":10415,"href":"https:\/\/yakemeurope.com\/hu\/wp-json\/wp\/v2\/pages\/10242\/revisions\/10415"}],"wp:attachment":[{"href":"https:\/\/yakemeurope.com\/hu\/wp-json\/wp\/v2\/media?parent=10242"}],"curies":[{"name":"wp","href":"https:\/\/api.w.org\/{rel}","templated":true}]}}