{"id":10237,"date":"2023-04-17T12:52:16","date_gmt":"2023-04-17T12:52:16","guid":{"rendered":"https:\/\/yakemeurope.com\/asphaltene-and-bitumen-additives\/"},"modified":"2023-05-22T09:59:42","modified_gmt":"2023-05-22T09:59:42","slug":"aszfalt-es-bitumen-segedanyag-adalekanyagok","status":"publish","type":"page","link":"https:\/\/yakemeurope.com\/hu\/aszfalt-es-bitumen-segedanyag-adalekanyagok\/","title":{"rendered":"Aszfalt \u00e9s bitumen seg\u00e9danyag-adal\u00e9kanyagok"},"content":{"rendered":"\t\t<div data-elementor-type=\"wp-page\" data-elementor-id=\"10237\" class=\"elementor elementor-10237 elementor-9732\">\n\t\t\t\t\t\t<section class=\"elementor-section elementor-top-section elementor-element elementor-element-7c9f7a9 elementor-section-full_width elementor-section-height-default elementor-section-height-default\" data-id=\"7c9f7a9\" data-element_type=\"section\" data-e-type=\"section\">\n\t\t\t\t\t\t<div class=\"elementor-container elementor-column-gap-no\">\n\t\t\t\t\t<div class=\"elementor-column elementor-col-100 elementor-top-column elementor-element elementor-element-7c1c326\" data-id=\"7c1c326\" data-element_type=\"column\" data-e-type=\"column\">\n\t\t\t<div class=\"elementor-widget-wrap elementor-element-populated\">\n\t\t\t\t\t\t<section class=\"elementor-section elementor-inner-section elementor-element elementor-element-e0905dc elementor-section-full_width elementor-section-height-min-height hakkimizdaimg elementor-section-height-default\" data-id=\"e0905dc\" data-element_type=\"section\" data-e-type=\"section\" data-settings=\"{&quot;background_background&quot;:&quot;classic&quot;}\">\n\t\t\t\t\t\t<div class=\"elementor-container elementor-column-gap-no\">\n\t\t\t\t\t<div class=\"elementor-column elementor-col-100 elementor-inner-column elementor-element elementor-element-c21382b\" data-id=\"c21382b\" data-element_type=\"column\" data-e-type=\"column\">\n\t\t\t<div class=\"elementor-widget-wrap\">\n\t\t\t\t\t\t\t<\/div>\n\t\t<\/div>\n\t\t\t\t\t<\/div>\n\t\t<\/section>\n\t\t\t\t\t<\/div>\n\t\t<\/div>\n\t\t\t\t\t<\/div>\n\t\t<\/section>\n\t\t\t\t<section class=\"elementor-section elementor-top-section elementor-element elementor-element-ee69614 elementor-section-full_width elementor-section-height-default elementor-section-height-default\" data-id=\"ee69614\" data-element_type=\"section\" data-e-type=\"section\" data-settings=\"{&quot;background_background&quot;:&quot;classic&quot;}\">\n\t\t\t\t\t\t<div class=\"elementor-container elementor-column-gap-no\">\n\t\t\t\t\t<div class=\"elementor-column elementor-col-100 elementor-top-column elementor-element elementor-element-ee06722\" data-id=\"ee06722\" data-element_type=\"column\" data-e-type=\"column\">\n\t\t\t<div class=\"elementor-widget-wrap elementor-element-populated\">\n\t\t\t\t\t\t<div class=\"elementor-element elementor-element-72c350e elementor-widget elementor-widget-marity_core_section_title\" data-id=\"72c350e\" data-element_type=\"widget\" data-e-type=\"widget\" data-widget_type=\"marity_core_section_title.default\">\n\t\t\t\t<div class=\"elementor-widget-container\">\n\t\t\t\t\t<div class=\"qodef-shortcode qodef-m  qodef-section-title qodef-show_supertitle--no qodef-alignment--left \">\n    \t\t<p class=\"qodef-m-title\" style=\"color: #20313A;font-size: 50px;font-weight: 400;line-height: 60px\">\n\t\t\t\t\tAszfalt \u00e9s bitumen seg\u00e9danyag-adal\u00e9kanyagok\t\t\t<\/p>\n\t    <\/div>\n\t\t\t\t<\/div>\n\t\t\t\t<\/div>\n\t\t\t\t<section class=\"elementor-section elementor-inner-section elementor-element elementor-element-29511b6 elementor-section-full_width elementor-section-height-default elementor-section-height-default\" data-id=\"29511b6\" data-element_type=\"section\" data-e-type=\"section\">\n\t\t\t\t\t\t<div class=\"elementor-container elementor-column-gap-default\">\n\t\t\t\t\t<div class=\"elementor-column elementor-col-50 elementor-inner-column elementor-element elementor-element-40f2623\" data-id=\"40f2623\" data-element_type=\"column\" data-e-type=\"column\" data-settings=\"{&quot;background_background&quot;:&quot;classic&quot;}\">\n\t\t\t<div class=\"elementor-widget-wrap elementor-element-populated\">\n\t\t\t\t\t\t<div class=\"elementor-element elementor-element-dff8156 elementor-widget__width-initial elementor-widget elementor-widget-marity_core_section_title\" data-id=\"dff8156\" data-element_type=\"widget\" data-e-type=\"widget\" data-widget_type=\"marity_core_section_title.default\">\n\t\t\t\t<div class=\"elementor-widget-container\">\n\t\t\t\t\t<div class=\"qodef-shortcode qodef-m  qodef-section-title qodef-show_supertitle--no qodef-alignment--left \">\n    \t\t<h4 class=\"qodef-m-title\" >\n\t\t\t\t\tBITUMEN EMULGE\u00c1L\u00d3SZEREK\t\t\t<\/h4>\n\t    <\/div>\n\t\t\t\t<\/div>\n\t\t\t\t<\/div>\n\t\t\t\t<div class=\"elementor-element elementor-element-ea9b9ce elementor-widget elementor-widget-marity_core_icon_list_item\" data-id=\"ea9b9ce\" data-element_type=\"widget\" data-e-type=\"widget\" data-widget_type=\"marity_core_icon_list_item.default\">\n\t\t\t\t<div class=\"elementor-widget-container\">\n\t\t\t\t\t<div class=\"qodef-icon-list-item qodef-icon--svg-icon\" >\n\t<p class=\"qodef-e-title\">\n\t\t\t\t\t<span class=\"qodef-e-title-inner\">\n\t\t\t\t    <span class=\"qodef-m-svg\" style=\"width: 8px;margin: 0 15px 0 0\">\r\n        <svg xmlns=\"http:\/\/www.w3.org\/2000\/svg\" width=\"29.2021\" height=\"30.752\" viewBox=\"0 0 29.2021 30.752\"><path d=\"M16.8018 0 15.748 11.5938 10.54 14.57 0 9.6719l2.79-4.774 7.13 5.208 2.2939-1.3022L11.2222.062ZM0 21.08l10.54-4.8984 5.208 2.9761 1.0538 11.5943-5.58-.062.9917-8.7422L9.92 20.646l-7.13 5.208Zm26.4121 3.9678-9.4863-6.6958V12.4l9.4863-6.6963 2.79 4.8364-8.1221 3.5336v2.604l8.1221 3.5342Z\" fill=\"#7baecf\"\/><\/svg>    <\/span>\r\n\t\t\t\t<span class=\"qodef-e-title-text\"  >Kationos amid-\u00e9szterek<\/span>\n\t\t\t<\/span>\n\t\t\t<\/p>\n<\/div>\n\t\t\t\t<\/div>\n\t\t\t\t<\/div>\n\t\t\t\t<div class=\"elementor-element elementor-element-9b461f5 elementor-widget elementor-widget-marity_core_icon_list_item\" data-id=\"9b461f5\" data-element_type=\"widget\" data-e-type=\"widget\" data-widget_type=\"marity_core_icon_list_item.default\">\n\t\t\t\t<div class=\"elementor-widget-container\">\n\t\t\t\t\t<div class=\"qodef-icon-list-item qodef-icon--svg-icon\" >\n\t<p class=\"qodef-e-title\">\n\t\t\t\t\t<span class=\"qodef-e-title-inner\">\n\t\t\t\t    <span class=\"qodef-m-svg\" style=\"width: 8px;margin: 0 15px 0 0\">\r\n        <svg xmlns=\"http:\/\/www.w3.org\/2000\/svg\" width=\"29.2021\" height=\"30.752\" viewBox=\"0 0 29.2021 30.752\"><path d=\"M16.8018 0 15.748 11.5938 10.54 14.57 0 9.6719l2.79-4.774 7.13 5.208 2.2939-1.3022L11.2222.062ZM0 21.08l10.54-4.8984 5.208 2.9761 1.0538 11.5943-5.58-.062.9917-8.7422L9.92 20.646l-7.13 5.208Zm26.4121 3.9678-9.4863-6.6958V12.4l9.4863-6.6963 2.79 4.8364-8.1221 3.5336v2.604l8.1221 3.5342Z\" fill=\"#7baecf\"\/><\/svg>    <\/span>\r\n\t\t\t\t<span class=\"qodef-e-title-text\"  >Anionos k\u00f3kuszzs\u00edr-amid-\u00e9szter<\/span>\n\t\t\t<\/span>\n\t\t\t<\/p>\n<\/div>\n\t\t\t\t<\/div>\n\t\t\t\t<\/div>\n\t\t\t\t<div class=\"elementor-element elementor-element-fe7e311 elementor-widget elementor-widget-marity_core_icon_list_item\" data-id=\"fe7e311\" data-element_type=\"widget\" data-e-type=\"widget\" data-widget_type=\"marity_core_icon_list_item.default\">\n\t\t\t\t<div class=\"elementor-widget-container\">\n\t\t\t\t\t<div class=\"qodef-icon-list-item qodef-icon--svg-icon\" >\n\t<p class=\"qodef-e-title\">\n\t\t\t\t\t<span class=\"qodef-e-title-inner\">\n\t\t\t\t    <span class=\"qodef-m-svg\" style=\"width: 8px;margin: 0 15px 0 0\">\r\n        <svg xmlns=\"http:\/\/www.w3.org\/2000\/svg\" width=\"29.2021\" height=\"30.752\" viewBox=\"0 0 29.2021 30.752\"><path d=\"M16.8018 0 15.748 11.5938 10.54 14.57 0 9.6719l2.79-4.774 7.13 5.208 2.2939-1.3022L11.2222.062ZM0 21.08l10.54-4.8984 5.208 2.9761 1.0538 11.5943-5.58-.062.9917-8.7422L9.92 20.646l-7.13 5.208Zm26.4121 3.9678-9.4863-6.6958V12.4l9.4863-6.6963 2.79 4.8364-8.1221 3.5336v2.604l8.1221 3.5342Z\" fill=\"#7baecf\"\/><\/svg>    <\/span>\r\n\t\t\t\t<span class=\"qodef-e-title-text\"  >Amidoamid-kever\u00e9kek<\/span>\n\t\t\t<\/span>\n\t\t\t<\/p>\n<\/div>\n\t\t\t\t<\/div>\n\t\t\t\t<\/div>\n\t\t\t\t\t<\/div>\n\t\t<\/div>\n\t\t\t\t<div class=\"elementor-column elementor-col-50 elementor-inner-column elementor-element elementor-element-fea50f1\" data-id=\"fea50f1\" data-element_type=\"column\" data-e-type=\"column\" data-settings=\"{&quot;background_background&quot;:&quot;classic&quot;}\">\n\t\t\t<div class=\"elementor-widget-wrap elementor-element-populated\">\n\t\t\t\t\t\t<div class=\"elementor-element elementor-element-5a91d87 elementor-widget__width-initial elementor-widget elementor-widget-marity_core_section_title\" data-id=\"5a91d87\" data-element_type=\"widget\" data-e-type=\"widget\" data-widget_type=\"marity_core_section_title.default\">\n\t\t\t\t<div class=\"elementor-widget-container\">\n\t\t\t\t\t<div class=\"qodef-shortcode qodef-m  qodef-section-title qodef-show_supertitle--no qodef-alignment--left \">\n    \t\t<h4 class=\"qodef-m-title\" >\n\t\t\t\t\tH\u00c1ML\u00c1SG\u00c1TL\u00d3 SZEREK\t\t\t<\/h4>\n\t    <\/div>\n\t\t\t\t<\/div>\n\t\t\t\t<\/div>\n\t\t\t\t<div class=\"elementor-element elementor-element-42112bc elementor-widget elementor-widget-marity_core_icon_list_item\" data-id=\"42112bc\" data-element_type=\"widget\" data-e-type=\"widget\" data-widget_type=\"marity_core_icon_list_item.default\">\n\t\t\t\t<div class=\"elementor-widget-container\">\n\t\t\t\t\t<div class=\"qodef-icon-list-item qodef-icon--svg-icon\" >\n\t<p class=\"qodef-e-title\">\n\t\t\t\t\t<span class=\"qodef-e-title-inner\">\n\t\t\t\t    <span class=\"qodef-m-svg\" style=\"width: 8px;margin: 0 15px 0 0\">\r\n        <svg xmlns=\"http:\/\/www.w3.org\/2000\/svg\" width=\"29.2021\" height=\"30.752\" viewBox=\"0 0 29.2021 30.752\"><path d=\"M16.8018 0 15.748 11.5938 10.54 14.57 0 9.6719l2.79-4.774 7.13 5.208 2.2939-1.3022L11.2222.062ZM0 21.08l10.54-4.8984 5.208 2.9761 1.0538 11.5943-5.58-.062.9917-8.7422L9.92 20.646l-7.13 5.208Zm26.4121 3.9678-9.4863-6.6958V12.4l9.4863-6.6963 2.79 4.8364-8.1221 3.5336v2.604l8.1221 3.5342Z\" fill=\"#7baecf\"\/><\/svg>    <\/span>\r\n\t\t\t\t<span class=\"qodef-e-title-text\"  >Imidazolin alap\u00fa adal\u00e9kanyagok<\/span>\n\t\t\t<\/span>\n\t\t\t<\/p>\n<\/div>\n\t\t\t\t<\/div>\n\t\t\t\t<\/div>\n\t\t\t\t<div class=\"elementor-element elementor-element-36a3f65 elementor-widget elementor-widget-marity_core_icon_list_item\" data-id=\"36a3f65\" data-element_type=\"widget\" data-e-type=\"widget\" data-widget_type=\"marity_core_icon_list_item.default\">\n\t\t\t\t<div class=\"elementor-widget-container\">\n\t\t\t\t\t<div class=\"qodef-icon-list-item qodef-icon--svg-icon\" >\n\t<p class=\"qodef-e-title\">\n\t\t\t\t\t<span class=\"qodef-e-title-inner\">\n\t\t\t\t    <span class=\"qodef-m-svg\" style=\"width: 8px;margin: 0 15px 0 0\">\r\n        <svg xmlns=\"http:\/\/www.w3.org\/2000\/svg\" width=\"29.2021\" height=\"30.752\" viewBox=\"0 0 29.2021 30.752\"><path d=\"M16.8018 0 15.748 11.5938 10.54 14.57 0 9.6719l2.79-4.774 7.13 5.208 2.2939-1.3022L11.2222.062ZM0 21.08l10.54-4.8984 5.208 2.9761 1.0538 11.5943-5.58-.062.9917-8.7422L9.92 20.646l-7.13 5.208Zm26.4121 3.9678-9.4863-6.6958V12.4l9.4863-6.6963 2.79 4.8364-8.1221 3.5336v2.604l8.1221 3.5342Z\" fill=\"#7baecf\"\/><\/svg>    <\/span>\r\n\t\t\t\t<span class=\"qodef-e-title-text\"  >Foszf\u00e1t\u00e9szter alap\u00fa adal\u00e9kanyagok<\/span>\n\t\t\t<\/span>\n\t\t\t<\/p>\n<\/div>\n\t\t\t\t<\/div>\n\t\t\t\t<\/div>\n\t\t\t\t\t<\/div>\n\t\t<\/div>\n\t\t\t\t\t<\/div>\n\t\t<\/section>\n\t\t\t\t\t<\/div>\n\t\t<\/div>\n\t\t\t\t\t<\/div>\n\t\t<\/section>\n\t\t\t\t<\/div>\n\t\t","protected":false},"excerpt":{"rendered":"<p>Aszfalt \u00e9s bitumen seg\u00e9danyag-adal\u00e9kanyagok BITUMEN EMULGE\u00c1L\u00d3SZEREK Kationos amid-\u00e9szterek Anionos k\u00f3kuszzs\u00edr-amid-\u00e9szter Amidoamid-kever\u00e9kek H\u00c1ML\u00c1SG\u00c1TL\u00d3 SZEREK Imidazolin alap\u00fa adal\u00e9kanyagok Foszf\u00e1t\u00e9szter alap\u00fa adal\u00e9kanyagok<\/p>\n","protected":false},"author":1,"featured_media":0,"parent":0,"menu_order":0,"comment_status":"closed","ping_status":"closed","template":"page-full-width.php","meta":{"footnotes":""},"class_list":["post-10237","page","type-page","status-publish","hentry"],"_links":{"self":[{"href":"https:\/\/yakemeurope.com\/hu\/wp-json\/wp\/v2\/pages\/10237","targetHints":{"allow":["GET"]}}],"collection":[{"href":"https:\/\/yakemeurope.com\/hu\/wp-json\/wp\/v2\/pages"}],"about":[{"href":"https:\/\/yakemeurope.com\/hu\/wp-json\/wp\/v2\/types\/page"}],"author":[{"embeddable":true,"href":"https:\/\/yakemeurope.com\/hu\/wp-json\/wp\/v2\/users\/1"}],"replies":[{"embeddable":true,"href":"https:\/\/yakemeurope.com\/hu\/wp-json\/wp\/v2\/comments?post=10237"}],"version-history":[{"count":10,"href":"https:\/\/yakemeurope.com\/hu\/wp-json\/wp\/v2\/pages\/10237\/revisions"}],"predecessor-version":[{"id":10407,"href":"https:\/\/yakemeurope.com\/hu\/wp-json\/wp\/v2\/pages\/10237\/revisions\/10407"}],"wp:attachment":[{"href":"https:\/\/yakemeurope.com\/hu\/wp-json\/wp\/v2\/media?parent=10237"}],"curies":[{"name":"wp","href":"https:\/\/api.w.org\/{rel}","templated":true}]}}