{"id":10232,"date":"2023-04-17T13:07:05","date_gmt":"2023-04-17T13:07:05","guid":{"rendered":"https:\/\/yakemeurope.com\/drilling-chemicals\/"},"modified":"2023-05-22T09:58:17","modified_gmt":"2023-05-22T09:58:17","slug":"furasi-segedanyagok","status":"publish","type":"page","link":"https:\/\/yakemeurope.com\/hu\/furasi-segedanyagok\/","title":{"rendered":"F\u00far\u00e1si Seg\u00e9danyagok"},"content":{"rendered":"\t\t<div data-elementor-type=\"wp-page\" data-elementor-id=\"10232\" class=\"elementor elementor-10232 elementor-9743\">\n\t\t\t\t\t\t<section class=\"elementor-section elementor-top-section elementor-element elementor-element-bdc305e elementor-section-full_width elementor-section-height-default elementor-section-height-default\" data-id=\"bdc305e\" data-element_type=\"section\" data-e-type=\"section\">\n\t\t\t\t\t\t<div class=\"elementor-container elementor-column-gap-no\">\n\t\t\t\t\t<div class=\"elementor-column elementor-col-100 elementor-top-column elementor-element elementor-element-8101968\" data-id=\"8101968\" data-element_type=\"column\" data-e-type=\"column\">\n\t\t\t<div class=\"elementor-widget-wrap elementor-element-populated\">\n\t\t\t\t\t\t<section class=\"elementor-section elementor-inner-section elementor-element elementor-element-18ee104 elementor-section-full_width elementor-section-height-min-height hakkimizdaimg elementor-section-height-default\" data-id=\"18ee104\" data-element_type=\"section\" data-e-type=\"section\" data-settings=\"{&quot;background_background&quot;:&quot;classic&quot;}\">\n\t\t\t\t\t\t<div class=\"elementor-container elementor-column-gap-no\">\n\t\t\t\t\t<div class=\"elementor-column elementor-col-100 elementor-inner-column elementor-element elementor-element-7c432dc\" data-id=\"7c432dc\" data-element_type=\"column\" data-e-type=\"column\">\n\t\t\t<div class=\"elementor-widget-wrap\">\n\t\t\t\t\t\t\t<\/div>\n\t\t<\/div>\n\t\t\t\t\t<\/div>\n\t\t<\/section>\n\t\t\t\t\t<\/div>\n\t\t<\/div>\n\t\t\t\t\t<\/div>\n\t\t<\/section>\n\t\t\t\t<section class=\"elementor-section elementor-top-section elementor-element elementor-element-46d2d4a elementor-section-full_width elementor-section-height-default elementor-section-height-default\" data-id=\"46d2d4a\" data-element_type=\"section\" data-e-type=\"section\" data-settings=\"{&quot;background_background&quot;:&quot;classic&quot;}\">\n\t\t\t\t\t\t<div class=\"elementor-container elementor-column-gap-no\">\n\t\t\t\t\t<div class=\"elementor-column elementor-col-100 elementor-top-column elementor-element elementor-element-daa869b\" data-id=\"daa869b\" data-element_type=\"column\" data-e-type=\"column\">\n\t\t\t<div class=\"elementor-widget-wrap elementor-element-populated\">\n\t\t\t\t\t\t<div class=\"elementor-element elementor-element-436a9fb elementor-widget elementor-widget-marity_core_section_title\" data-id=\"436a9fb\" data-element_type=\"widget\" data-e-type=\"widget\" data-widget_type=\"marity_core_section_title.default\">\n\t\t\t\t<div class=\"elementor-widget-container\">\n\t\t\t\t\t<div class=\"qodef-shortcode qodef-m  qodef-section-title qodef-show_supertitle--no qodef-alignment--left \">\n    \t\t<p class=\"qodef-m-title\" style=\"color: #20313A;font-size: 50px;font-weight: 400;line-height: 60px\">\n\t\t\t\t\tF\u00far\u00e1si Seg\u00e9danyagok\t\t\t<\/p>\n\t    <\/div>\n\t\t\t\t<\/div>\n\t\t\t\t<\/div>\n\t\t\t\t<section class=\"elementor-section elementor-inner-section elementor-element elementor-element-6075e9f elementor-section-full_width elementor-section-height-default elementor-section-height-default\" data-id=\"6075e9f\" data-element_type=\"section\" data-e-type=\"section\">\n\t\t\t\t\t\t<div class=\"elementor-container elementor-column-gap-default\">\n\t\t\t\t\t<div class=\"elementor-column elementor-col-20 elementor-inner-column elementor-element elementor-element-de8993f\" data-id=\"de8993f\" data-element_type=\"column\" data-e-type=\"column\" data-settings=\"{&quot;background_background&quot;:&quot;classic&quot;}\">\n\t\t\t<div class=\"elementor-widget-wrap elementor-element-populated\">\n\t\t\t\t\t\t<div class=\"elementor-element elementor-element-8f3b606 elementor-widget__width-initial elementor-widget elementor-widget-marity_core_section_title\" data-id=\"8f3b606\" data-element_type=\"widget\" data-e-type=\"widget\" data-widget_type=\"marity_core_section_title.default\">\n\t\t\t\t<div class=\"elementor-widget-container\">\n\t\t\t\t\t<div class=\"qodef-shortcode qodef-m  qodef-section-title qodef-show_supertitle--no qodef-alignment--left \">\n    \t\t<h4 class=\"qodef-m-title\" >\n\t\t\t\t\tHABZ\u00c1SG\u00c1TL\u00d3K\t\t\t<\/h4>\n\t    <\/div>\n\t\t\t\t<\/div>\n\t\t\t\t<\/div>\n\t\t\t\t<div class=\"elementor-element elementor-element-27535ee elementor-widget elementor-widget-marity_core_icon_list_item\" data-id=\"27535ee\" data-element_type=\"widget\" data-e-type=\"widget\" data-widget_type=\"marity_core_icon_list_item.default\">\n\t\t\t\t<div class=\"elementor-widget-container\">\n\t\t\t\t\t<div class=\"qodef-icon-list-item qodef-icon--svg-icon\" >\n\t<p class=\"qodef-e-title\">\n\t\t\t\t\t<span class=\"qodef-e-title-inner\">\n\t\t\t\t    <span class=\"qodef-m-svg\" style=\"width: 8px;margin: 0 15px 0 0\">\r\n        <svg xmlns=\"http:\/\/www.w3.org\/2000\/svg\" width=\"29.2021\" height=\"30.752\" viewBox=\"0 0 29.2021 30.752\"><path d=\"M16.8018 0 15.748 11.5938 10.54 14.57 0 9.6719l2.79-4.774 7.13 5.208 2.2939-1.3022L11.2222.062ZM0 21.08l10.54-4.8984 5.208 2.9761 1.0538 11.5943-5.58-.062.9917-8.7422L9.92 20.646l-7.13 5.208Zm26.4121 3.9678-9.4863-6.6958V12.4l9.4863-6.6963 2.79 4.8364-8.1221 3.5336v2.604l8.1221 3.5342Z\" fill=\"#7baecf\"\/><\/svg>    <\/span>\r\n\t\t\t\t<span class=\"qodef-e-title-text\"  >Szilikon alap\u00fa habz\u00e1sg\u00e1tl\u00f3k<\/span>\n\t\t\t<\/span>\n\t\t\t<\/p>\n<\/div>\n\t\t\t\t<\/div>\n\t\t\t\t<\/div>\n\t\t\t\t<div class=\"elementor-element elementor-element-3c3cad2 elementor-widget elementor-widget-marity_core_icon_list_item\" data-id=\"3c3cad2\" data-element_type=\"widget\" data-e-type=\"widget\" data-widget_type=\"marity_core_icon_list_item.default\">\n\t\t\t\t<div class=\"elementor-widget-container\">\n\t\t\t\t\t<div class=\"qodef-icon-list-item qodef-icon--svg-icon\" >\n\t<p class=\"qodef-e-title\">\n\t\t\t\t\t<span class=\"qodef-e-title-inner\">\n\t\t\t\t    <span class=\"qodef-m-svg\" style=\"width: 8px;margin: 0 15px 0 0\">\r\n        <svg xmlns=\"http:\/\/www.w3.org\/2000\/svg\" width=\"29.2021\" height=\"30.752\" viewBox=\"0 0 29.2021 30.752\"><path d=\"M16.8018 0 15.748 11.5938 10.54 14.57 0 9.6719l2.79-4.774 7.13 5.208 2.2939-1.3022L11.2222.062ZM0 21.08l10.54-4.8984 5.208 2.9761 1.0538 11.5943-5.58-.062.9917-8.7422L9.92 20.646l-7.13 5.208Zm26.4121 3.9678-9.4863-6.6958V12.4l9.4863-6.6963 2.79 4.8364-8.1221 3.5336v2.604l8.1221 3.5342Z\" fill=\"#7baecf\"\/><\/svg>    <\/span>\r\n\t\t\t\t<span class=\"qodef-e-title-text\"  >\u00c1sv\u00e1nyolaj vagy term\u00e9szetes olaj alap\u00fa habz\u00e1sg\u00e1tl\u00f3k<\/span>\n\t\t\t<\/span>\n\t\t\t<\/p>\n<\/div>\n\t\t\t\t<\/div>\n\t\t\t\t<\/div>\n\t\t\t\t<div class=\"elementor-element elementor-element-50a34e1 elementor-widget elementor-widget-marity_core_icon_list_item\" data-id=\"50a34e1\" data-element_type=\"widget\" data-e-type=\"widget\" data-widget_type=\"marity_core_icon_list_item.default\">\n\t\t\t\t<div class=\"elementor-widget-container\">\n\t\t\t\t\t<div class=\"qodef-icon-list-item qodef-icon--svg-icon\" >\n\t<p class=\"qodef-e-title\">\n\t\t\t\t\t<span class=\"qodef-e-title-inner\">\n\t\t\t\t    <span class=\"qodef-m-svg\" style=\"width: 8px;margin: 0 15px 0 0\">\r\n        <svg xmlns=\"http:\/\/www.w3.org\/2000\/svg\" width=\"29.2021\" height=\"30.752\" viewBox=\"0 0 29.2021 30.752\"><path d=\"M16.8018 0 15.748 11.5938 10.54 14.57 0 9.6719l2.79-4.774 7.13 5.208 2.2939-1.3022L11.2222.062ZM0 21.08l10.54-4.8984 5.208 2.9761 1.0538 11.5943-5.58-.062.9917-8.7422L9.92 20.646l-7.13 5.208Zm26.4121 3.9678-9.4863-6.6958V12.4l9.4863-6.6963 2.79 4.8364-8.1221 3.5336v2.604l8.1221 3.5342Z\" fill=\"#7baecf\"\/><\/svg>    <\/span>\r\n\t\t\t\t<span class=\"qodef-e-title-text\"  >Foszf\u00e1t\u00e9szter alap\u00fa habz\u00e1sszab\u00e1lyoz\u00f3 szerek<\/span>\n\t\t\t<\/span>\n\t\t\t<\/p>\n<\/div>\n\t\t\t\t<\/div>\n\t\t\t\t<\/div>\n\t\t\t\t\t<\/div>\n\t\t<\/div>\n\t\t\t\t<div class=\"elementor-column elementor-col-20 elementor-inner-column elementor-element elementor-element-4e1976a\" data-id=\"4e1976a\" data-element_type=\"column\" data-e-type=\"column\" data-settings=\"{&quot;background_background&quot;:&quot;classic&quot;}\">\n\t\t\t<div class=\"elementor-widget-wrap elementor-element-populated\">\n\t\t\t\t\t\t<div class=\"elementor-element elementor-element-995ba3d elementor-widget__width-initial elementor-widget elementor-widget-marity_core_section_title\" data-id=\"995ba3d\" data-element_type=\"widget\" data-e-type=\"widget\" data-widget_type=\"marity_core_section_title.default\">\n\t\t\t\t<div class=\"elementor-widget-container\">\n\t\t\t\t\t<div class=\"qodef-shortcode qodef-m  qodef-section-title qodef-show_supertitle--no qodef-alignment--left \">\n    \t\t<h4 class=\"qodef-m-title\" >\n\t\t\t\t\tEMULZI\u00d3BONT\u00d3 ANYAGOK\t\t\t<\/h4>\n\t    <\/div>\n\t\t\t\t<\/div>\n\t\t\t\t<\/div>\n\t\t\t\t<div class=\"elementor-element elementor-element-35fdfdc elementor-widget elementor-widget-marity_core_icon_list_item\" data-id=\"35fdfdc\" data-element_type=\"widget\" data-e-type=\"widget\" data-widget_type=\"marity_core_icon_list_item.default\">\n\t\t\t\t<div class=\"elementor-widget-container\">\n\t\t\t\t\t<div class=\"qodef-icon-list-item qodef-icon--svg-icon\" >\n\t<p class=\"qodef-e-title\">\n\t\t\t\t\t<span class=\"qodef-e-title-inner\">\n\t\t\t\t    <span class=\"qodef-m-svg\" style=\"width: 8px;margin: 0 15px 0 0\">\r\n        <svg xmlns=\"http:\/\/www.w3.org\/2000\/svg\" width=\"29.2021\" height=\"30.752\" viewBox=\"0 0 29.2021 30.752\"><path d=\"M16.8018 0 15.748 11.5938 10.54 14.57 0 9.6719l2.79-4.774 7.13 5.208 2.2939-1.3022L11.2222.062ZM0 21.08l10.54-4.8984 5.208 2.9761 1.0538 11.5943-5.58-.062.9917-8.7422L9.92 20.646l-7.13 5.208Zm26.4121 3.9678-9.4863-6.6958V12.4l9.4863-6.6963 2.79 4.8364-8.1221 3.5336v2.604l8.1221 3.5342Z\" fill=\"#7baecf\"\/><\/svg>    <\/span>\r\n\t\t\t\t<span class=\"qodef-e-title-text\"  >Gyantaalap\u00fa emulzi\u00f3bont\u00f3 hat\u00f3anyagok<\/span>\n\t\t\t<\/span>\n\t\t\t<\/p>\n<\/div>\n\t\t\t\t<\/div>\n\t\t\t\t<\/div>\n\t\t\t\t\t<\/div>\n\t\t<\/div>\n\t\t\t\t<div class=\"elementor-column elementor-col-20 elementor-inner-column elementor-element elementor-element-23b3239\" data-id=\"23b3239\" data-element_type=\"column\" data-e-type=\"column\" data-settings=\"{&quot;background_background&quot;:&quot;classic&quot;}\">\n\t\t\t<div class=\"elementor-widget-wrap elementor-element-populated\">\n\t\t\t\t\t\t<div class=\"elementor-element elementor-element-4e400b6 elementor-widget__width-initial elementor-widget elementor-widget-marity_core_section_title\" data-id=\"4e400b6\" data-element_type=\"widget\" data-e-type=\"widget\" data-widget_type=\"marity_core_section_title.default\">\n\t\t\t\t<div class=\"elementor-widget-container\">\n\t\t\t\t\t<div class=\"qodef-shortcode qodef-m  qodef-section-title qodef-show_supertitle--no qodef-alignment--left \">\n    \t\t<h4 class=\"qodef-m-title\" >\n\t\t\t\t\tKORR\u00d3ZI\u00d3G\u00c1TL\u00d3K\t\t\t<\/h4>\n\t    <\/div>\n\t\t\t\t<\/div>\n\t\t\t\t<\/div>\n\t\t\t\t<div class=\"elementor-element elementor-element-a61ce59 elementor-widget elementor-widget-marity_core_icon_list_item\" data-id=\"a61ce59\" data-element_type=\"widget\" data-e-type=\"widget\" data-widget_type=\"marity_core_icon_list_item.default\">\n\t\t\t\t<div class=\"elementor-widget-container\">\n\t\t\t\t\t<div class=\"qodef-icon-list-item qodef-icon--svg-icon\" >\n\t<p class=\"qodef-e-title\">\n\t\t\t\t\t<span class=\"qodef-e-title-inner\">\n\t\t\t\t    <span class=\"qodef-m-svg\" style=\"width: 8px;margin: 0 15px 0 0\">\r\n        <svg xmlns=\"http:\/\/www.w3.org\/2000\/svg\" width=\"29.2021\" height=\"30.752\" viewBox=\"0 0 29.2021 30.752\"><path d=\"M16.8018 0 15.748 11.5938 10.54 14.57 0 9.6719l2.79-4.774 7.13 5.208 2.2939-1.3022L11.2222.062ZM0 21.08l10.54-4.8984 5.208 2.9761 1.0538 11.5943-5.58-.062.9917-8.7422L9.92 20.646l-7.13 5.208Zm26.4121 3.9678-9.4863-6.6958V12.4l9.4863-6.6963 2.79 4.8364-8.1221 3.5336v2.604l8.1221 3.5342Z\" fill=\"#7baecf\"\/><\/svg>    <\/span>\r\n\t\t\t\t<span class=\"qodef-e-title-text\"  >Imidazolin alap\u00fa hat\u00f3anyagok<\/span>\n\t\t\t<\/span>\n\t\t\t<\/p>\n<\/div>\n\t\t\t\t<\/div>\n\t\t\t\t<\/div>\n\t\t\t\t<div class=\"elementor-element elementor-element-74a888e elementor-widget elementor-widget-marity_core_icon_list_item\" data-id=\"74a888e\" data-element_type=\"widget\" data-e-type=\"widget\" data-widget_type=\"marity_core_icon_list_item.default\">\n\t\t\t\t<div class=\"elementor-widget-container\">\n\t\t\t\t\t<div class=\"qodef-icon-list-item qodef-icon--svg-icon\" >\n\t<p class=\"qodef-e-title\">\n\t\t\t\t\t<span class=\"qodef-e-title-inner\">\n\t\t\t\t    <span class=\"qodef-m-svg\" style=\"width: 8px;margin: 0 15px 0 0\">\r\n        <svg xmlns=\"http:\/\/www.w3.org\/2000\/svg\" width=\"29.2021\" height=\"30.752\" viewBox=\"0 0 29.2021 30.752\"><path d=\"M16.8018 0 15.748 11.5938 10.54 14.57 0 9.6719l2.79-4.774 7.13 5.208 2.2939-1.3022L11.2222.062ZM0 21.08l10.54-4.8984 5.208 2.9761 1.0538 11.5943-5.58-.062.9917-8.7422L9.92 20.646l-7.13 5.208Zm26.4121 3.9678-9.4863-6.6958V12.4l9.4863-6.6963 2.79 4.8364-8.1221 3.5336v2.604l8.1221 3.5342Z\" fill=\"#7baecf\"\/><\/svg>    <\/span>\r\n\t\t\t\t<span class=\"qodef-e-title-text\"  >Zs\u00edrsavamid alap\u00fa hat\u00f3anyagok<\/span>\n\t\t\t<\/span>\n\t\t\t<\/p>\n<\/div>\n\t\t\t\t<\/div>\n\t\t\t\t<\/div>\n\t\t\t\t\t<\/div>\n\t\t<\/div>\n\t\t\t\t<div class=\"elementor-column elementor-col-20 elementor-inner-column elementor-element elementor-element-905cf0f\" data-id=\"905cf0f\" data-element_type=\"column\" data-e-type=\"column\" data-settings=\"{&quot;background_background&quot;:&quot;classic&quot;}\">\n\t\t\t<div class=\"elementor-widget-wrap elementor-element-populated\">\n\t\t\t\t\t\t<div class=\"elementor-element elementor-element-b514190 elementor-widget__width-initial elementor-widget elementor-widget-marity_core_section_title\" data-id=\"b514190\" data-element_type=\"widget\" data-e-type=\"widget\" data-widget_type=\"marity_core_section_title.default\">\n\t\t\t\t<div class=\"elementor-widget-container\">\n\t\t\t\t\t<div class=\"qodef-shortcode qodef-m  qodef-section-title qodef-show_supertitle--no qodef-alignment--left \">\n    \t\t<h4 class=\"qodef-m-title\" >\n\t\t\t\t\tV\u00cdZK\u0150G\u00c1TL\u00d3K\t\t\t<\/h4>\n\t    <\/div>\n\t\t\t\t<\/div>\n\t\t\t\t<\/div>\n\t\t\t\t<div class=\"elementor-element elementor-element-4b5a5ad elementor-widget elementor-widget-marity_core_icon_list_item\" data-id=\"4b5a5ad\" data-element_type=\"widget\" data-e-type=\"widget\" data-widget_type=\"marity_core_icon_list_item.default\">\n\t\t\t\t<div class=\"elementor-widget-container\">\n\t\t\t\t\t<div class=\"qodef-icon-list-item qodef-icon--svg-icon\" >\n\t<p class=\"qodef-e-title\">\n\t\t\t\t\t<span class=\"qodef-e-title-inner\">\n\t\t\t\t    <span class=\"qodef-m-svg\" style=\"width: 8px;margin: 0 15px 0 0\">\r\n        <svg xmlns=\"http:\/\/www.w3.org\/2000\/svg\" width=\"29.2021\" height=\"30.752\" viewBox=\"0 0 29.2021 30.752\"><path d=\"M16.8018 0 15.748 11.5938 10.54 14.57 0 9.6719l2.79-4.774 7.13 5.208 2.2939-1.3022L11.2222.062ZM0 21.08l10.54-4.8984 5.208 2.9761 1.0538 11.5943-5.58-.062.9917-8.7422L9.92 20.646l-7.13 5.208Zm26.4121 3.9678-9.4863-6.6958V12.4l9.4863-6.6963 2.79 4.8364-8.1221 3.5336v2.604l8.1221 3.5342Z\" fill=\"#7baecf\"\/><\/svg>    <\/span>\r\n\t\t\t\t<span class=\"qodef-e-title-text\"  >Poliakrilsav \u00e9s sz\u00e1rmaz\u00e9kai<\/span>\n\t\t\t<\/span>\n\t\t\t<\/p>\n<\/div>\n\t\t\t\t<\/div>\n\t\t\t\t<\/div>\n\t\t\t\t<div class=\"elementor-element elementor-element-aff63aa elementor-widget elementor-widget-marity_core_icon_list_item\" data-id=\"aff63aa\" data-element_type=\"widget\" data-e-type=\"widget\" data-widget_type=\"marity_core_icon_list_item.default\">\n\t\t\t\t<div class=\"elementor-widget-container\">\n\t\t\t\t\t<div class=\"qodef-icon-list-item qodef-icon--svg-icon\" >\n\t<p class=\"qodef-e-title\">\n\t\t\t\t\t<span class=\"qodef-e-title-inner\">\n\t\t\t\t    <span class=\"qodef-m-svg\" style=\"width: 8px;margin: 0 15px 0 0\">\r\n        <svg xmlns=\"http:\/\/www.w3.org\/2000\/svg\" width=\"29.2021\" height=\"30.752\" viewBox=\"0 0 29.2021 30.752\"><path d=\"M16.8018 0 15.748 11.5938 10.54 14.57 0 9.6719l2.79-4.774 7.13 5.208 2.2939-1.3022L11.2222.062ZM0 21.08l10.54-4.8984 5.208 2.9761 1.0538 11.5943-5.58-.062.9917-8.7422L9.92 20.646l-7.13 5.208Zm26.4121 3.9678-9.4863-6.6958V12.4l9.4863-6.6963 2.79 4.8364-8.1221 3.5336v2.604l8.1221 3.5342Z\" fill=\"#7baecf\"\/><\/svg>    <\/span>\r\n\t\t\t\t<span class=\"qodef-e-title-text\"  >Poliakrilsav \u00e9s foszfon\u00e1t kever\u00e9kek<\/span>\n\t\t\t<\/span>\n\t\t\t<\/p>\n<\/div>\n\t\t\t\t<\/div>\n\t\t\t\t<\/div>\n\t\t\t\t<div class=\"elementor-element elementor-element-ec33b21 elementor-widget elementor-widget-marity_core_icon_list_item\" data-id=\"ec33b21\" data-element_type=\"widget\" data-e-type=\"widget\" data-widget_type=\"marity_core_icon_list_item.default\">\n\t\t\t\t<div class=\"elementor-widget-container\">\n\t\t\t\t\t<div class=\"qodef-icon-list-item qodef-icon--svg-icon\" >\n\t<p class=\"qodef-e-title\">\n\t\t\t\t\t<span class=\"qodef-e-title-inner\">\n\t\t\t\t    <span class=\"qodef-m-svg\" style=\"width: 8px;margin: 0 15px 0 0\">\r\n        <svg xmlns=\"http:\/\/www.w3.org\/2000\/svg\" width=\"29.2021\" height=\"30.752\" viewBox=\"0 0 29.2021 30.752\"><path d=\"M16.8018 0 15.748 11.5938 10.54 14.57 0 9.6719l2.79-4.774 7.13 5.208 2.2939-1.3022L11.2222.062ZM0 21.08l10.54-4.8984 5.208 2.9761 1.0538 11.5943-5.58-.062.9917-8.7422L9.92 20.646l-7.13 5.208Zm26.4121 3.9678-9.4863-6.6958V12.4l9.4863-6.6963 2.79 4.8364-8.1221 3.5336v2.604l8.1221 3.5342Z\" fill=\"#7baecf\"\/><\/svg>    <\/span>\r\n\t\t\t\t<span class=\"qodef-e-title-text\"  >Poliszacharid \u00e9s poliakrilsav kever\u00e9kek<\/span>\n\t\t\t<\/span>\n\t\t\t<\/p>\n<\/div>\n\t\t\t\t<\/div>\n\t\t\t\t<\/div>\n\t\t\t\t\t<\/div>\n\t\t<\/div>\n\t\t\t\t<div class=\"elementor-column elementor-col-20 elementor-inner-column elementor-element elementor-element-c3652df\" data-id=\"c3652df\" data-element_type=\"column\" data-e-type=\"column\" data-settings=\"{&quot;background_background&quot;:&quot;classic&quot;}\">\n\t\t\t<div class=\"elementor-widget-wrap elementor-element-populated\">\n\t\t\t\t\t\t<div class=\"elementor-element elementor-element-0dff880 elementor-widget__width-initial elementor-widget elementor-widget-marity_core_section_title\" data-id=\"0dff880\" data-element_type=\"widget\" data-e-type=\"widget\" data-widget_type=\"marity_core_section_title.default\">\n\t\t\t\t<div class=\"elementor-widget-container\">\n\t\t\t\t\t<div class=\"qodef-shortcode qodef-m  qodef-section-title qodef-show_supertitle--no qodef-alignment--left \">\n    \t\t<h4 class=\"qodef-m-title\" >\n\t\t\t\t\tH2S TART\u00d3K\t\t\t<\/h4>\n\t    <\/div>\n\t\t\t\t<\/div>\n\t\t\t\t<\/div>\n\t\t\t\t<div class=\"elementor-element elementor-element-658b2d5 elementor-widget elementor-widget-marity_core_icon_list_item\" data-id=\"658b2d5\" data-element_type=\"widget\" data-e-type=\"widget\" data-widget_type=\"marity_core_icon_list_item.default\">\n\t\t\t\t<div class=\"elementor-widget-container\">\n\t\t\t\t\t<div class=\"qodef-icon-list-item qodef-icon--svg-icon\" >\n\t<p class=\"qodef-e-title\">\n\t\t\t\t\t<span class=\"qodef-e-title-inner\">\n\t\t\t\t    <span class=\"qodef-m-svg\" style=\"width: 8px;margin: 0 15px 0 0\">\r\n        <svg xmlns=\"http:\/\/www.w3.org\/2000\/svg\" width=\"29.2021\" height=\"30.752\" viewBox=\"0 0 29.2021 30.752\"><path d=\"M16.8018 0 15.748 11.5938 10.54 14.57 0 9.6719l2.79-4.774 7.13 5.208 2.2939-1.3022L11.2222.062ZM0 21.08l10.54-4.8984 5.208 2.9761 1.0538 11.5943-5.58-.062.9917-8.7422L9.92 20.646l-7.13 5.208Zm26.4121 3.9678-9.4863-6.6958V12.4l9.4863-6.6963 2.79 4.8364-8.1221 3.5336v2.604l8.1221 3.5342Z\" fill=\"#7baecf\"\/><\/svg>    <\/span>\r\n\t\t\t\t<span class=\"qodef-e-title-text\"  >Mikro- vagy makroszilikon emulzi\u00f3k<\/span>\n\t\t\t<\/span>\n\t\t\t<\/p>\n<\/div>\n\t\t\t\t<\/div>\n\t\t\t\t<\/div>\n\t\t\t\t<div class=\"elementor-element elementor-element-a9d62d8 elementor-widget elementor-widget-marity_core_icon_list_item\" data-id=\"a9d62d8\" data-element_type=\"widget\" data-e-type=\"widget\" data-widget_type=\"marity_core_icon_list_item.default\">\n\t\t\t\t<div class=\"elementor-widget-container\">\n\t\t\t\t\t<div class=\"qodef-icon-list-item qodef-icon--svg-icon\" >\n\t<p class=\"qodef-e-title\">\n\t\t\t\t\t<span class=\"qodef-e-title-inner\">\n\t\t\t\t    <span class=\"qodef-m-svg\" style=\"width: 8px;margin: 0 15px 0 0\">\r\n        <svg xmlns=\"http:\/\/www.w3.org\/2000\/svg\" width=\"29.2021\" height=\"30.752\" viewBox=\"0 0 29.2021 30.752\"><path d=\"M16.8018 0 15.748 11.5938 10.54 14.57 0 9.6719l2.79-4.774 7.13 5.208 2.2939-1.3022L11.2222.062ZM0 21.08l10.54-4.8984 5.208 2.9761 1.0538 11.5943-5.58-.062.9917-8.7422L9.92 20.646l-7.13 5.208Zm26.4121 3.9678-9.4863-6.6958V12.4l9.4863-6.6963 2.79 4.8364-8.1221 3.5336v2.604l8.1221 3.5342Z\" fill=\"#7baecf\"\/><\/svg>    <\/span>\r\n\t\t\t\t<span class=\"qodef-e-title-text\"  >Kationos vagy nemionos l\u00e1gy\u00edt\u00f3szerek<\/span>\n\t\t\t<\/span>\n\t\t\t<\/p>\n<\/div>\n\t\t\t\t<\/div>\n\t\t\t\t<\/div>\n\t\t\t\t\t<\/div>\n\t\t<\/div>\n\t\t\t\t\t<\/div>\n\t\t<\/section>\n\t\t\t\t\t<\/div>\n\t\t<\/div>\n\t\t\t\t\t<\/div>\n\t\t<\/section>\n\t\t\t\t<\/div>\n\t\t","protected":false},"excerpt":{"rendered":"<p>F\u00far\u00e1si Seg\u00e9danyagok HABZ\u00c1SG\u00c1TL\u00d3K Szilikon alap\u00fa habz\u00e1sg\u00e1tl\u00f3k \u00c1sv\u00e1nyolaj vagy term\u00e9szetes olaj alap\u00fa habz\u00e1sg\u00e1tl\u00f3k Foszf\u00e1t\u00e9szter alap\u00fa habz\u00e1sszab\u00e1lyoz\u00f3 szerek EMULZI\u00d3BONT\u00d3 ANYAGOK Gyantaalap\u00fa emulzi\u00f3bont\u00f3 hat\u00f3anyagok KORR\u00d3ZI\u00d3G\u00c1TL\u00d3K Imidazolin alap\u00fa hat\u00f3anyagok Zs\u00edrsavamid alap\u00fa hat\u00f3anyagok V\u00cdZK\u0150G\u00c1TL\u00d3K Poliakrilsav \u00e9s sz\u00e1rmaz\u00e9kai Poliakrilsav \u00e9s foszfon\u00e1t kever\u00e9kek Poliszacharid \u00e9s poliakrilsav kever\u00e9kek H2S TART\u00d3K Mikro- vagy makroszilikon emulzi\u00f3k Kationos vagy nemionos l\u00e1gy\u00edt\u00f3szerek<\/p>\n","protected":false},"author":1,"featured_media":0,"parent":0,"menu_order":0,"comment_status":"closed","ping_status":"closed","template":"page-full-width.php","meta":{"footnotes":""},"class_list":["post-10232","page","type-page","status-publish","hentry"],"_links":{"self":[{"href":"https:\/\/yakemeurope.com\/hu\/wp-json\/wp\/v2\/pages\/10232","targetHints":{"allow":["GET"]}}],"collection":[{"href":"https:\/\/yakemeurope.com\/hu\/wp-json\/wp\/v2\/pages"}],"about":[{"href":"https:\/\/yakemeurope.com\/hu\/wp-json\/wp\/v2\/types\/page"}],"author":[{"embeddable":true,"href":"https:\/\/yakemeurope.com\/hu\/wp-json\/wp\/v2\/users\/1"}],"replies":[{"embeddable":true,"href":"https:\/\/yakemeurope.com\/hu\/wp-json\/wp\/v2\/comments?post=10232"}],"version-history":[{"count":10,"href":"https:\/\/yakemeurope.com\/hu\/wp-json\/wp\/v2\/pages\/10232\/revisions"}],"predecessor-version":[{"id":10399,"href":"https:\/\/yakemeurope.com\/hu\/wp-json\/wp\/v2\/pages\/10232\/revisions\/10399"}],"wp:attachment":[{"href":"https:\/\/yakemeurope.com\/hu\/wp-json\/wp\/v2\/media?parent=10232"}],"curies":[{"name":"wp","href":"https:\/\/api.w.org\/{rel}","templated":true}]}}