{"id":10227,"date":"2023-04-17T13:10:10","date_gmt":"2023-04-17T13:10:10","guid":{"rendered":"https:\/\/yakemeurope.com\/textile-auxiliary-chemicals\/"},"modified":"2023-05-22T09:56:26","modified_gmt":"2023-05-22T09:56:26","slug":"textilipari-segedanyagok","status":"publish","type":"page","link":"https:\/\/yakemeurope.com\/hu\/textilipari-segedanyagok\/","title":{"rendered":"Textilipari Seg\u00e9danyagok"},"content":{"rendered":"\t\t<div data-elementor-type=\"wp-page\" data-elementor-id=\"10227\" class=\"elementor elementor-10227 elementor-9753\">\n\t\t\t\t\t\t<section class=\"elementor-section elementor-top-section elementor-element elementor-element-f1e4af5 elementor-section-full_width elementor-section-height-default elementor-section-height-default\" data-id=\"f1e4af5\" data-element_type=\"section\" data-e-type=\"section\">\n\t\t\t\t\t\t<div class=\"elementor-container elementor-column-gap-no\">\n\t\t\t\t\t<div class=\"elementor-column elementor-col-100 elementor-top-column elementor-element elementor-element-0e4aa8c\" data-id=\"0e4aa8c\" data-element_type=\"column\" data-e-type=\"column\">\n\t\t\t<div class=\"elementor-widget-wrap elementor-element-populated\">\n\t\t\t\t\t\t<section class=\"elementor-section elementor-inner-section elementor-element elementor-element-342fb19 elementor-section-full_width elementor-section-height-min-height hakkimizdaimg elementor-section-height-default\" data-id=\"342fb19\" data-element_type=\"section\" data-e-type=\"section\" data-settings=\"{&quot;background_background&quot;:&quot;classic&quot;}\">\n\t\t\t\t\t\t<div class=\"elementor-container elementor-column-gap-no\">\n\t\t\t\t\t<div class=\"elementor-column elementor-col-100 elementor-inner-column elementor-element elementor-element-ebce95a\" data-id=\"ebce95a\" data-element_type=\"column\" data-e-type=\"column\">\n\t\t\t<div class=\"elementor-widget-wrap\">\n\t\t\t\t\t\t\t<\/div>\n\t\t<\/div>\n\t\t\t\t\t<\/div>\n\t\t<\/section>\n\t\t\t\t\t<\/div>\n\t\t<\/div>\n\t\t\t\t\t<\/div>\n\t\t<\/section>\n\t\t\t\t<section class=\"elementor-section elementor-top-section elementor-element elementor-element-92b5315 elementor-section-full_width elementor-section-height-default elementor-section-height-default\" data-id=\"92b5315\" data-element_type=\"section\" data-e-type=\"section\" data-settings=\"{&quot;background_background&quot;:&quot;classic&quot;}\">\n\t\t\t\t\t\t<div class=\"elementor-container elementor-column-gap-no\">\n\t\t\t\t\t<div class=\"elementor-column elementor-col-100 elementor-top-column elementor-element elementor-element-39aba8e\" data-id=\"39aba8e\" data-element_type=\"column\" data-e-type=\"column\">\n\t\t\t<div class=\"elementor-widget-wrap elementor-element-populated\">\n\t\t\t\t\t\t<div class=\"elementor-element elementor-element-07061d5 elementor-widget elementor-widget-marity_core_section_title\" data-id=\"07061d5\" data-element_type=\"widget\" data-e-type=\"widget\" data-widget_type=\"marity_core_section_title.default\">\n\t\t\t\t<div class=\"elementor-widget-container\">\n\t\t\t\t\t<div class=\"qodef-shortcode qodef-m  qodef-section-title qodef-show_supertitle--no qodef-alignment--left \">\n    \t\t<p class=\"qodef-m-title\" style=\"color: #20313A;font-size: 50px;font-weight: 400;line-height: 60px\">\n\t\t\t\t\tTextilipari Seg\u00e9danyagok\t\t\t<\/p>\n\t    <\/div>\n\t\t\t\t<\/div>\n\t\t\t\t<\/div>\n\t\t\t\t<section class=\"elementor-section elementor-inner-section elementor-element elementor-element-c525dbf elementor-section-full_width elementor-section-height-default elementor-section-height-default\" data-id=\"c525dbf\" data-element_type=\"section\" data-e-type=\"section\">\n\t\t\t\t\t\t<div class=\"elementor-container elementor-column-gap-default\">\n\t\t\t\t\t<div class=\"elementor-column elementor-col-25 elementor-inner-column elementor-element elementor-element-71481f6\" data-id=\"71481f6\" data-element_type=\"column\" data-e-type=\"column\" data-settings=\"{&quot;background_background&quot;:&quot;classic&quot;}\">\n\t\t\t<div class=\"elementor-widget-wrap elementor-element-populated\">\n\t\t\t\t\t\t<div class=\"elementor-element elementor-element-88d57a7 elementor-widget__width-initial elementor-widget elementor-widget-marity_core_section_title\" data-id=\"88d57a7\" data-element_type=\"widget\" data-e-type=\"widget\" data-widget_type=\"marity_core_section_title.default\">\n\t\t\t\t<div class=\"elementor-widget-container\">\n\t\t\t\t\t<div class=\"qodef-shortcode qodef-m  qodef-section-title qodef-show_supertitle--no qodef-alignment--left \">\n    \t\t<h4 class=\"qodef-m-title\" >\n\t\t\t\t\tSZ\u00c1L - FONAL M\u00c9RETEZ\u00c9SI ELJ\u00c1R\u00c1S\t\t\t<\/h4>\n\t    <\/div>\n\t\t\t\t<\/div>\n\t\t\t\t<\/div>\n\t\t\t\t<div class=\"elementor-element elementor-element-d1c5965 elementor-widget elementor-widget-marity_core_icon_list_item\" data-id=\"d1c5965\" data-element_type=\"widget\" data-e-type=\"widget\" data-widget_type=\"marity_core_icon_list_item.default\">\n\t\t\t\t<div class=\"elementor-widget-container\">\n\t\t\t\t\t<div class=\"qodef-icon-list-item qodef-icon--svg-icon\" >\n\t<p class=\"qodef-e-title\">\n\t\t\t\t\t<span class=\"qodef-e-title-inner\">\n\t\t\t\t    <span class=\"qodef-m-svg\" style=\"width: 8px;margin: 0 15px 0 0\">\r\n        <svg xmlns=\"http:\/\/www.w3.org\/2000\/svg\" width=\"29.2021\" height=\"30.752\" viewBox=\"0 0 29.2021 30.752\"><path d=\"M16.8018 0 15.748 11.5938 10.54 14.57 0 9.6719l2.79-4.774 7.13 5.208 2.2939-1.3022L11.2222.062ZM0 21.08l10.54-4.8984 5.208 2.9761 1.0538 11.5943-5.58-.062.9917-8.7422L9.92 20.646l-7.13 5.208Zm26.4121 3.9678-9.4863-6.6958V12.4l9.4863-6.6963 2.79 4.8364-8.1221 3.5336v2.604l8.1221 3.5342Z\" fill=\"#7baecf\"\/><\/svg>    <\/span>\r\n\t\t\t\t<span class=\"qodef-e-title-text\"  >Antisztatikus ken\u0151anyagok, kik\u00e9sz\u00edt\u0151szerek (szintetikus zs\u00edrsav\u00e9szterek)<\/span>\n\t\t\t<\/span>\n\t\t\t<\/p>\n<\/div>\n\t\t\t\t<\/div>\n\t\t\t\t<\/div>\n\t\t\t\t\t<\/div>\n\t\t<\/div>\n\t\t\t\t<div class=\"elementor-column elementor-col-25 elementor-inner-column elementor-element elementor-element-a156201\" data-id=\"a156201\" data-element_type=\"column\" data-e-type=\"column\" data-settings=\"{&quot;background_background&quot;:&quot;classic&quot;}\">\n\t\t\t<div class=\"elementor-widget-wrap elementor-element-populated\">\n\t\t\t\t\t\t<div class=\"elementor-element elementor-element-4179a33 elementor-widget__width-initial elementor-widget elementor-widget-marity_core_section_title\" data-id=\"4179a33\" data-element_type=\"widget\" data-e-type=\"widget\" data-widget_type=\"marity_core_section_title.default\">\n\t\t\t\t<div class=\"elementor-widget-container\">\n\t\t\t\t\t<div class=\"qodef-shortcode qodef-m  qodef-section-title qodef-show_supertitle--no qodef-alignment--left \">\n    \t\t<h4 class=\"qodef-m-title\" >\n\t\t\t\t\tEL\u0150FINOM\u00cdT\u00d3 ADAL\u00c9KANYAGOK\t\t\t<\/h4>\n\t    <\/div>\n\t\t\t\t<\/div>\n\t\t\t\t<\/div>\n\t\t\t\t<div class=\"elementor-element elementor-element-100943e elementor-widget elementor-widget-marity_core_icon_list_item\" data-id=\"100943e\" data-element_type=\"widget\" data-e-type=\"widget\" data-widget_type=\"marity_core_icon_list_item.default\">\n\t\t\t\t<div class=\"elementor-widget-container\">\n\t\t\t\t\t<div class=\"qodef-icon-list-item qodef-icon--svg-icon\" >\n\t<p class=\"qodef-e-title\">\n\t\t\t\t\t<span class=\"qodef-e-title-inner\">\n\t\t\t\t    <span class=\"qodef-m-svg\" style=\"width: 8px;margin: 0 15px 0 0\">\r\n        <svg xmlns=\"http:\/\/www.w3.org\/2000\/svg\" width=\"29.2021\" height=\"30.752\" viewBox=\"0 0 29.2021 30.752\"><path d=\"M16.8018 0 15.748 11.5938 10.54 14.57 0 9.6719l2.79-4.774 7.13 5.208 2.2939-1.3022L11.2222.062ZM0 21.08l10.54-4.8984 5.208 2.9761 1.0538 11.5943-5.58-.062.9917-8.7422L9.92 20.646l-7.13 5.208Zm26.4121 3.9678-9.4863-6.6958V12.4l9.4863-6.6963 2.79 4.8364-8.1221 3.5336v2.604l8.1221 3.5342Z\" fill=\"#7baecf\"\/><\/svg>    <\/span>\r\n\t\t\t\t<span class=\"qodef-e-title-text\"  >Nedves\u00edt\u0151szerek \u00e9s zs\u00edrtalan\u00edt\u00f3k<\/span>\n\t\t\t<\/span>\n\t\t\t<\/p>\n<\/div>\n\t\t\t\t<\/div>\n\t\t\t\t<\/div>\n\t\t\t\t<div class=\"elementor-element elementor-element-4489982 elementor-widget elementor-widget-marity_core_icon_list_item\" data-id=\"4489982\" data-element_type=\"widget\" data-e-type=\"widget\" data-widget_type=\"marity_core_icon_list_item.default\">\n\t\t\t\t<div class=\"elementor-widget-container\">\n\t\t\t\t\t<div class=\"qodef-icon-list-item qodef-icon--svg-icon\" >\n\t<p class=\"qodef-e-title\">\n\t\t\t\t\t<span class=\"qodef-e-title-inner\">\n\t\t\t\t    <span class=\"qodef-m-svg\" style=\"width: 8px;margin: 0 15px 0 0\">\r\n        <svg xmlns=\"http:\/\/www.w3.org\/2000\/svg\" width=\"29.2021\" height=\"30.752\" viewBox=\"0 0 29.2021 30.752\"><path d=\"M16.8018 0 15.748 11.5938 10.54 14.57 0 9.6719l2.79-4.774 7.13 5.208 2.2939-1.3022L11.2222.062ZM0 21.08l10.54-4.8984 5.208 2.9761 1.0538 11.5943-5.58-.062.9917-8.7422L9.92 20.646l-7.13 5.208Zm26.4121 3.9678-9.4863-6.6958V12.4l9.4863-6.6963 2.79 4.8364-8.1221 3.5336v2.604l8.1221 3.5342Z\" fill=\"#7baecf\"\/><\/svg>    <\/span>\r\n\t\t\t\t<span class=\"qodef-e-title-text\"  >Diszperg\u00e1l\u00f3 \u00e9s kiegyenl\u00edt\u0151 szerek sz\u00e1rmaz\u00e9kai<\/span>\n\t\t\t<\/span>\n\t\t\t<\/p>\n<\/div>\n\t\t\t\t<\/div>\n\t\t\t\t<\/div>\n\t\t\t\t\t<\/div>\n\t\t<\/div>\n\t\t\t\t<div class=\"elementor-column elementor-col-25 elementor-inner-column elementor-element elementor-element-0364c4a\" data-id=\"0364c4a\" data-element_type=\"column\" data-e-type=\"column\" data-settings=\"{&quot;background_background&quot;:&quot;classic&quot;}\">\n\t\t\t<div class=\"elementor-widget-wrap elementor-element-populated\">\n\t\t\t\t\t\t<div class=\"elementor-element elementor-element-42ec9e0 elementor-widget__width-initial elementor-widget elementor-widget-marity_core_section_title\" data-id=\"42ec9e0\" data-element_type=\"widget\" data-e-type=\"widget\" data-widget_type=\"marity_core_section_title.default\">\n\t\t\t\t<div class=\"elementor-widget-container\">\n\t\t\t\t\t<div class=\"qodef-shortcode qodef-m  qodef-section-title qodef-show_supertitle--no qodef-alignment--left \">\n    \t\t<h4 class=\"qodef-m-title\" >\n\t\t\t\t\tSZ\u00cdNEZ\u0150 - NYOMDAI SEG\u00c9DANYAGOK\t\t\t<\/h4>\n\t    <\/div>\n\t\t\t\t<\/div>\n\t\t\t\t<\/div>\n\t\t\t\t<div class=\"elementor-element elementor-element-968121a elementor-widget elementor-widget-marity_core_icon_list_item\" data-id=\"968121a\" data-element_type=\"widget\" data-e-type=\"widget\" data-widget_type=\"marity_core_icon_list_item.default\">\n\t\t\t\t<div class=\"elementor-widget-container\">\n\t\t\t\t\t<div class=\"qodef-icon-list-item qodef-icon--svg-icon\" >\n\t<p class=\"qodef-e-title\">\n\t\t\t\t\t<span class=\"qodef-e-title-inner\">\n\t\t\t\t    <span class=\"qodef-m-svg\" style=\"width: 8px;margin: 0 15px 0 0\">\r\n        <svg xmlns=\"http:\/\/www.w3.org\/2000\/svg\" width=\"29.2021\" height=\"30.752\" viewBox=\"0 0 29.2021 30.752\"><path d=\"M16.8018 0 15.748 11.5938 10.54 14.57 0 9.6719l2.79-4.774 7.13 5.208 2.2939-1.3022L11.2222.062ZM0 21.08l10.54-4.8984 5.208 2.9761 1.0538 11.5943-5.58-.062.9917-8.7422L9.92 20.646l-7.13 5.208Zm26.4121 3.9678-9.4863-6.6958V12.4l9.4863-6.6963 2.79 4.8364-8.1221 3.5336v2.604l8.1221 3.5342Z\" fill=\"#7baecf\"\/><\/svg>    <\/span>\r\n\t\t\t\t<span class=\"qodef-e-title-text\"  >Gy\u0171r\u0151d\u00e9sg\u00e1tl\u00f3 polimerek, szintetikus hordoz\u00f3k (Butilbenzo\u00e1t tartalm\u00faak)<\/span>\n\t\t\t<\/span>\n\t\t\t<\/p>\n<\/div>\n\t\t\t\t<\/div>\n\t\t\t\t<\/div>\n\t\t\t\t<div class=\"elementor-element elementor-element-ef8bcdd elementor-widget elementor-widget-marity_core_icon_list_item\" data-id=\"ef8bcdd\" data-element_type=\"widget\" data-e-type=\"widget\" data-widget_type=\"marity_core_icon_list_item.default\">\n\t\t\t\t<div class=\"elementor-widget-container\">\n\t\t\t\t\t<div class=\"qodef-icon-list-item qodef-icon--svg-icon\" >\n\t<p class=\"qodef-e-title\">\n\t\t\t\t\t<span class=\"qodef-e-title-inner\">\n\t\t\t\t    <span class=\"qodef-m-svg\" style=\"width: 8px;margin: 0 15px 0 0\">\r\n        <svg xmlns=\"http:\/\/www.w3.org\/2000\/svg\" width=\"29.2021\" height=\"30.752\" viewBox=\"0 0 29.2021 30.752\"><path d=\"M16.8018 0 15.748 11.5938 10.54 14.57 0 9.6719l2.79-4.774 7.13 5.208 2.2939-1.3022L11.2222.062ZM0 21.08l10.54-4.8984 5.208 2.9761 1.0538 11.5943-5.58-.062.9917-8.7422L9.92 20.646l-7.13 5.208Zm26.4121 3.9678-9.4863-6.6958V12.4l9.4863-6.6963 2.79 4.8364-8.1221 3.5336v2.604l8.1221 3.5342Z\" fill=\"#7baecf\"\/><\/svg>    <\/span>\r\n\t\t\t\t<span class=\"qodef-e-title-text\"  >Szekven\u00e1l\u00f3 vegyszerek, fix\u00e1l\u00f3szerek<\/span>\n\t\t\t<\/span>\n\t\t\t<\/p>\n<\/div>\n\t\t\t\t<\/div>\n\t\t\t\t<\/div>\n\t\t\t\t\t<\/div>\n\t\t<\/div>\n\t\t\t\t<div class=\"elementor-column elementor-col-25 elementor-inner-column elementor-element elementor-element-addda6f\" data-id=\"addda6f\" data-element_type=\"column\" data-e-type=\"column\" data-settings=\"{&quot;background_background&quot;:&quot;classic&quot;}\">\n\t\t\t<div class=\"elementor-widget-wrap elementor-element-populated\">\n\t\t\t\t\t\t<div class=\"elementor-element elementor-element-7cf6308 elementor-widget__width-initial elementor-widget elementor-widget-marity_core_section_title\" data-id=\"7cf6308\" data-element_type=\"widget\" data-e-type=\"widget\" data-widget_type=\"marity_core_section_title.default\">\n\t\t\t\t<div class=\"elementor-widget-container\">\n\t\t\t\t\t<div class=\"qodef-shortcode qodef-m  qodef-section-title qodef-show_supertitle--no qodef-alignment--left \">\n    \t\t<h4 class=\"qodef-m-title\" >\n\t\t\t\t\tTEXTILKIK\u00c9SZ\u00cdT\u0150 ADAL\u00c9KANYAGOK\t\t\t<\/h4>\n\t    <\/div>\n\t\t\t\t<\/div>\n\t\t\t\t<\/div>\n\t\t\t\t<div class=\"elementor-element elementor-element-f5de9c4 elementor-widget elementor-widget-marity_core_icon_list_item\" data-id=\"f5de9c4\" data-element_type=\"widget\" data-e-type=\"widget\" data-widget_type=\"marity_core_icon_list_item.default\">\n\t\t\t\t<div class=\"elementor-widget-container\">\n\t\t\t\t\t<div class=\"qodef-icon-list-item qodef-icon--svg-icon\" >\n\t<p class=\"qodef-e-title\">\n\t\t\t\t\t<span class=\"qodef-e-title-inner\">\n\t\t\t\t    <span class=\"qodef-m-svg\" style=\"width: 8px;margin: 0 15px 0 0\">\r\n        <svg xmlns=\"http:\/\/www.w3.org\/2000\/svg\" width=\"29.2021\" height=\"30.752\" viewBox=\"0 0 29.2021 30.752\"><path d=\"M16.8018 0 15.748 11.5938 10.54 14.57 0 9.6719l2.79-4.774 7.13 5.208 2.2939-1.3022L11.2222.062ZM0 21.08l10.54-4.8984 5.208 2.9761 1.0538 11.5943-5.58-.062.9917-8.7422L9.92 20.646l-7.13 5.208Zm26.4121 3.9678-9.4863-6.6958V12.4l9.4863-6.6963 2.79 4.8364-8.1221 3.5336v2.604l8.1221 3.5342Z\" fill=\"#7baecf\"\/><\/svg>    <\/span>\r\n\t\t\t\t<span class=\"qodef-e-title-text\"  >Mikro- vagy makroszilikon emulzi\u00f3k<\/span>\n\t\t\t<\/span>\n\t\t\t<\/p>\n<\/div>\n\t\t\t\t<\/div>\n\t\t\t\t<\/div>\n\t\t\t\t<div class=\"elementor-element elementor-element-f9e828e elementor-widget elementor-widget-marity_core_icon_list_item\" data-id=\"f9e828e\" data-element_type=\"widget\" data-e-type=\"widget\" data-widget_type=\"marity_core_icon_list_item.default\">\n\t\t\t\t<div class=\"elementor-widget-container\">\n\t\t\t\t\t<div class=\"qodef-icon-list-item qodef-icon--svg-icon\" >\n\t<p class=\"qodef-e-title\">\n\t\t\t\t\t<span class=\"qodef-e-title-inner\">\n\t\t\t\t    <span class=\"qodef-m-svg\" style=\"width: 8px;margin: 0 15px 0 0\">\r\n        <svg xmlns=\"http:\/\/www.w3.org\/2000\/svg\" width=\"29.2021\" height=\"30.752\" viewBox=\"0 0 29.2021 30.752\"><path d=\"M16.8018 0 15.748 11.5938 10.54 14.57 0 9.6719l2.79-4.774 7.13 5.208 2.2939-1.3022L11.2222.062ZM0 21.08l10.54-4.8984 5.208 2.9761 1.0538 11.5943-5.58-.062.9917-8.7422L9.92 20.646l-7.13 5.208Zm26.4121 3.9678-9.4863-6.6958V12.4l9.4863-6.6963 2.79 4.8364-8.1221 3.5336v2.604l8.1221 3.5342Z\" fill=\"#7baecf\"\/><\/svg>    <\/span>\r\n\t\t\t\t<span class=\"qodef-e-title-text\"  >Kationos vagy nemionos l\u00e1gy\u00edt\u00f3szerek<\/span>\n\t\t\t<\/span>\n\t\t\t<\/p>\n<\/div>\n\t\t\t\t<\/div>\n\t\t\t\t<\/div>\n\t\t\t\t\t<\/div>\n\t\t<\/div>\n\t\t\t\t\t<\/div>\n\t\t<\/section>\n\t\t\t\t\t<\/div>\n\t\t<\/div>\n\t\t\t\t\t<\/div>\n\t\t<\/section>\n\t\t\t\t<\/div>\n\t\t","protected":false},"excerpt":{"rendered":"<p>Textilipari Seg\u00e9danyagok SZ\u00c1L &#8211; FONAL M\u00c9RETEZ\u00c9SI ELJ\u00c1R\u00c1S Antisztatikus ken\u0151anyagok, kik\u00e9sz\u00edt\u0151szerek (szintetikus zs\u00edrsav\u00e9szterek) EL\u0150FINOM\u00cdT\u00d3 ADAL\u00c9KANYAGOK Nedves\u00edt\u0151szerek \u00e9s zs\u00edrtalan\u00edt\u00f3k Diszperg\u00e1l\u00f3 \u00e9s kiegyenl\u00edt\u0151 szerek sz\u00e1rmaz\u00e9kai SZ\u00cdNEZ\u0150 &#8211; NYOMDAI SEG\u00c9DANYAGOK Gy\u0171r\u0151d\u00e9sg\u00e1tl\u00f3 polimerek, szintetikus hordoz\u00f3k (Butilbenzo\u00e1t tartalm\u00faak) Szekven\u00e1l\u00f3 vegyszerek, fix\u00e1l\u00f3szerek TEXTILKIK\u00c9SZ\u00cdT\u0150 ADAL\u00c9KANYAGOK Mikro- vagy makroszilikon emulzi\u00f3k Kationos vagy nemionos l\u00e1gy\u00edt\u00f3szerek<\/p>\n","protected":false},"author":1,"featured_media":0,"parent":0,"menu_order":0,"comment_status":"closed","ping_status":"closed","template":"page-full-width.php","meta":{"footnotes":""},"class_list":["post-10227","page","type-page","status-publish","hentry"],"_links":{"self":[{"href":"https:\/\/yakemeurope.com\/hu\/wp-json\/wp\/v2\/pages\/10227","targetHints":{"allow":["GET"]}}],"collection":[{"href":"https:\/\/yakemeurope.com\/hu\/wp-json\/wp\/v2\/pages"}],"about":[{"href":"https:\/\/yakemeurope.com\/hu\/wp-json\/wp\/v2\/types\/page"}],"author":[{"embeddable":true,"href":"https:\/\/yakemeurope.com\/hu\/wp-json\/wp\/v2\/users\/1"}],"replies":[{"embeddable":true,"href":"https:\/\/yakemeurope.com\/hu\/wp-json\/wp\/v2\/comments?post=10227"}],"version-history":[{"count":10,"href":"https:\/\/yakemeurope.com\/hu\/wp-json\/wp\/v2\/pages\/10227\/revisions"}],"predecessor-version":[{"id":10391,"href":"https:\/\/yakemeurope.com\/hu\/wp-json\/wp\/v2\/pages\/10227\/revisions\/10391"}],"wp:attachment":[{"href":"https:\/\/yakemeurope.com\/hu\/wp-json\/wp\/v2\/media?parent=10227"}],"curies":[{"name":"wp","href":"https:\/\/api.w.org\/{rel}","templated":true}]}}