{"id":10221,"date":"2023-04-17T13:10:30","date_gmt":"2023-04-17T13:10:30","guid":{"rendered":"https:\/\/yakemeurope.com\/construction-products\/"},"modified":"2024-10-23T11:04:08","modified_gmt":"2024-10-23T11:04:08","slug":"epitoipari-termekek","status":"publish","type":"page","link":"https:\/\/yakemeurope.com\/hu\/epitoipari-termekek\/","title":{"rendered":"\u00c9p\u00edt\u0151ipari Term\u00e9kek"},"content":{"rendered":"\t\t<div data-elementor-type=\"wp-page\" data-elementor-id=\"10221\" class=\"elementor elementor-10221 elementor-9755\">\n\t\t\t\t\t\t<section class=\"elementor-section elementor-top-section elementor-element elementor-element-13aefc9 elementor-section-full_width elementor-section-height-default elementor-section-height-default\" data-id=\"13aefc9\" data-element_type=\"section\" data-e-type=\"section\">\n\t\t\t\t\t\t<div class=\"elementor-container elementor-column-gap-no\">\n\t\t\t\t\t<div class=\"elementor-column elementor-col-100 elementor-top-column elementor-element elementor-element-c164cd5\" data-id=\"c164cd5\" data-element_type=\"column\" data-e-type=\"column\">\n\t\t\t<div class=\"elementor-widget-wrap elementor-element-populated\">\n\t\t\t\t\t\t<section class=\"elementor-section elementor-inner-section elementor-element elementor-element-7b24675 elementor-section-full_width elementor-section-height-min-height hakkimizdaimg elementor-section-height-default\" data-id=\"7b24675\" data-element_type=\"section\" data-e-type=\"section\" data-settings=\"{&quot;background_background&quot;:&quot;classic&quot;}\">\n\t\t\t\t\t\t<div class=\"elementor-container elementor-column-gap-no\">\n\t\t\t\t\t<div class=\"elementor-column elementor-col-100 elementor-inner-column elementor-element elementor-element-a9ab442\" data-id=\"a9ab442\" data-element_type=\"column\" data-e-type=\"column\">\n\t\t\t<div class=\"elementor-widget-wrap\">\n\t\t\t\t\t\t\t<\/div>\n\t\t<\/div>\n\t\t\t\t\t<\/div>\n\t\t<\/section>\n\t\t\t\t\t<\/div>\n\t\t<\/div>\n\t\t\t\t\t<\/div>\n\t\t<\/section>\n\t\t\t\t<section class=\"elementor-section elementor-top-section elementor-element elementor-element-16c1113 elementor-section-full_width elementor-section-height-default elementor-section-height-default\" data-id=\"16c1113\" data-element_type=\"section\" data-e-type=\"section\" data-settings=\"{&quot;background_background&quot;:&quot;classic&quot;}\">\n\t\t\t\t\t\t<div class=\"elementor-container elementor-column-gap-no\">\n\t\t\t\t\t<div class=\"elementor-column elementor-col-100 elementor-top-column elementor-element elementor-element-41d08d8\" data-id=\"41d08d8\" data-element_type=\"column\" data-e-type=\"column\">\n\t\t\t<div class=\"elementor-widget-wrap elementor-element-populated\">\n\t\t\t\t\t\t<div class=\"elementor-element elementor-element-698d067 elementor-widget elementor-widget-marity_core_section_title\" data-id=\"698d067\" data-element_type=\"widget\" data-e-type=\"widget\" data-widget_type=\"marity_core_section_title.default\">\n\t\t\t\t<div class=\"elementor-widget-container\">\n\t\t\t\t\t<div class=\"qodef-shortcode qodef-m  qodef-section-title qodef-show_supertitle--no qodef-alignment--left \">\n    \t\t<p class=\"qodef-m-title\" style=\"color: #20313A;font-size: 50px;font-weight: 400;line-height: 60px\">\n\t\t\t\t\t\u00c9p\u00edt\u0151ipari Term\u00e9kek\t\t\t<\/p>\n\t    <\/div>\n\t\t\t\t<\/div>\n\t\t\t\t<\/div>\n\t\t\t\t<section class=\"elementor-section elementor-inner-section elementor-element elementor-element-80e4af5 elementor-section-full_width elementor-section-height-default elementor-section-height-default\" data-id=\"80e4af5\" data-element_type=\"section\" data-e-type=\"section\">\n\t\t\t\t\t\t<div class=\"elementor-container elementor-column-gap-default\">\n\t\t\t\t\t<div class=\"elementor-column elementor-col-20 elementor-inner-column elementor-element elementor-element-339fe7b\" data-id=\"339fe7b\" data-element_type=\"column\" data-e-type=\"column\" data-settings=\"{&quot;background_background&quot;:&quot;classic&quot;}\">\n\t\t\t<div class=\"elementor-widget-wrap elementor-element-populated\">\n\t\t\t\t\t\t<div class=\"elementor-element elementor-element-9619724 elementor-widget__width-initial elementor-widget elementor-widget-marity_core_section_title\" data-id=\"9619724\" data-element_type=\"widget\" data-e-type=\"widget\" data-widget_type=\"marity_core_section_title.default\">\n\t\t\t\t<div class=\"elementor-widget-container\">\n\t\t\t\t\t<div class=\"qodef-shortcode qodef-m  qodef-section-title qodef-show_supertitle--no qodef-alignment--left \">\n    \t\t<h4 class=\"qodef-m-title\" >\n\t\t\t\t\tL\u00c9GBUBOR\u00c9KK\u00c9PZ\u0150K \u00c9S HABZ\u00c1SG\u00c1TL\u00d3K\t\t\t<\/h4>\n\t    <\/div>\n\t\t\t\t<\/div>\n\t\t\t\t<\/div>\n\t\t\t\t<div class=\"elementor-element elementor-element-bd42f63 elementor-widget elementor-widget-marity_core_icon_list_item\" data-id=\"bd42f63\" data-element_type=\"widget\" data-e-type=\"widget\" data-widget_type=\"marity_core_icon_list_item.default\">\n\t\t\t\t<div class=\"elementor-widget-container\">\n\t\t\t\t\t<div class=\"qodef-icon-list-item qodef-icon--svg-icon\" >\n\t<p class=\"qodef-e-title\">\n\t\t\t\t\t<span class=\"qodef-e-title-inner\">\n\t\t\t\t    <span class=\"qodef-m-svg\" style=\"width: 8px;margin: 0 15px 0 0\">\r\n        <svg xmlns=\"http:\/\/www.w3.org\/2000\/svg\" width=\"29.2021\" height=\"30.752\" viewBox=\"0 0 29.2021 30.752\"><path d=\"M16.8018 0 15.748 11.5938 10.54 14.57 0 9.6719l2.79-4.774 7.13 5.208 2.2939-1.3022L11.2222.062ZM0 21.08l10.54-4.8984 5.208 2.9761 1.0538 11.5943-5.58-.062.9917-8.7422L9.92 20.646l-7.13 5.208Zm26.4121 3.9678-9.4863-6.6958V12.4l9.4863-6.6963 2.79 4.8364-8.1221 3.5336v2.604l8.1221 3.5342Z\" fill=\"#7baecf\"\/><\/svg>    <\/span>\r\n\t\t\t\t<span class=\"qodef-e-title-text\"  >Tri-izobutil-foszf\u00e1t<\/span>\n\t\t\t<\/span>\n\t\t\t<\/p>\n<\/div>\n\t\t\t\t<\/div>\n\t\t\t\t<\/div>\n\t\t\t\t<div class=\"elementor-element elementor-element-958da37 elementor-widget elementor-widget-marity_core_icon_list_item\" data-id=\"958da37\" data-element_type=\"widget\" data-e-type=\"widget\" data-widget_type=\"marity_core_icon_list_item.default\">\n\t\t\t\t<div class=\"elementor-widget-container\">\n\t\t\t\t\t<div class=\"qodef-icon-list-item qodef-icon--svg-icon\" >\n\t<p class=\"qodef-e-title\">\n\t\t\t\t\t<span class=\"qodef-e-title-inner\">\n\t\t\t\t    <span class=\"qodef-m-svg\" style=\"width: 8px;margin: 0 15px 0 0\">\r\n        <svg xmlns=\"http:\/\/www.w3.org\/2000\/svg\" width=\"29.2021\" height=\"30.752\" viewBox=\"0 0 29.2021 30.752\"><path d=\"M16.8018 0 15.748 11.5938 10.54 14.57 0 9.6719l2.79-4.774 7.13 5.208 2.2939-1.3022L11.2222.062ZM0 21.08l10.54-4.8984 5.208 2.9761 1.0538 11.5943-5.58-.062.9917-8.7422L9.92 20.646l-7.13 5.208Zm26.4121 3.9678-9.4863-6.6958V12.4l9.4863-6.6963 2.79 4.8364-8.1221 3.5336v2.604l8.1221 3.5342Z\" fill=\"#7baecf\"\/><\/svg>    <\/span>\r\n\t\t\t\t<span class=\"qodef-e-title-text\"  >Szilikon alap\u00fa habz\u00e1sg\u00e1tl\u00f3k<\/span>\n\t\t\t<\/span>\n\t\t\t<\/p>\n<\/div>\n\t\t\t\t<\/div>\n\t\t\t\t<\/div>\n\t\t\t\t\t<\/div>\n\t\t<\/div>\n\t\t\t\t<div class=\"elementor-column elementor-col-20 elementor-inner-column elementor-element elementor-element-3614525\" data-id=\"3614525\" data-element_type=\"column\" data-e-type=\"column\" data-settings=\"{&quot;background_background&quot;:&quot;classic&quot;}\">\n\t\t\t<div class=\"elementor-widget-wrap elementor-element-populated\">\n\t\t\t\t\t\t<div class=\"elementor-element elementor-element-3ec8a2e elementor-widget__width-initial elementor-widget elementor-widget-marity_core_section_title\" data-id=\"3ec8a2e\" data-element_type=\"widget\" data-e-type=\"widget\" data-widget_type=\"marity_core_section_title.default\">\n\t\t\t\t<div class=\"elementor-widget-container\">\n\t\t\t\t\t<div class=\"qodef-shortcode qodef-m  qodef-section-title qodef-show_supertitle--no qodef-alignment--left \">\n    \t\t<h4 class=\"qodef-m-title\" >\n\t\t\t\t\tFAGY\u00c1SK\u00c9SLELTET\u0150K\t\t\t<\/h4>\n\t    <\/div>\n\t\t\t\t<\/div>\n\t\t\t\t<\/div>\n\t\t\t\t<div class=\"elementor-element elementor-element-2614de5 elementor-widget elementor-widget-marity_core_icon_list_item\" data-id=\"2614de5\" data-element_type=\"widget\" data-e-type=\"widget\" data-widget_type=\"marity_core_icon_list_item.default\">\n\t\t\t\t<div class=\"elementor-widget-container\">\n\t\t\t\t\t<div class=\"qodef-icon-list-item qodef-icon--svg-icon\" >\n\t<p class=\"qodef-e-title\">\n\t\t\t\t\t<span class=\"qodef-e-title-inner\">\n\t\t\t\t    <span class=\"qodef-m-svg\" style=\"width: 8px;margin: 0 15px 0 0\">\r\n        <svg xmlns=\"http:\/\/www.w3.org\/2000\/svg\" width=\"29.2021\" height=\"30.752\" viewBox=\"0 0 29.2021 30.752\"><path d=\"M16.8018 0 15.748 11.5938 10.54 14.57 0 9.6719l2.79-4.774 7.13 5.208 2.2939-1.3022L11.2222.062ZM0 21.08l10.54-4.8984 5.208 2.9761 1.0538 11.5943-5.58-.062.9917-8.7422L9.92 20.646l-7.13 5.208Zm26.4121 3.9678-9.4863-6.6958V12.4l9.4863-6.6963 2.79 4.8364-8.1221 3.5336v2.604l8.1221 3.5342Z\" fill=\"#7baecf\"\/><\/svg>    <\/span>\r\n\t\t\t\t<span class=\"qodef-e-title-text\"  >Poliszacharid alap\u00fa polimerek<\/span>\n\t\t\t<\/span>\n\t\t\t<\/p>\n<\/div>\n\t\t\t\t<\/div>\n\t\t\t\t<\/div>\n\t\t\t\t<div class=\"elementor-element elementor-element-d306c19 elementor-widget elementor-widget-marity_core_icon_list_item\" data-id=\"d306c19\" data-element_type=\"widget\" data-e-type=\"widget\" data-widget_type=\"marity_core_icon_list_item.default\">\n\t\t\t\t<div class=\"elementor-widget-container\">\n\t\t\t\t\t<div class=\"qodef-icon-list-item qodef-icon--svg-icon\" >\n\t<p class=\"qodef-e-title\">\n\t\t\t\t\t<span class=\"qodef-e-title-inner\">\n\t\t\t\t    <span class=\"qodef-m-svg\" style=\"width: 8px;margin: 0 15px 0 0\">\r\n        <svg xmlns=\"http:\/\/www.w3.org\/2000\/svg\" width=\"29.2021\" height=\"30.752\" viewBox=\"0 0 29.2021 30.752\"><path d=\"M16.8018 0 15.748 11.5938 10.54 14.57 0 9.6719l2.79-4.774 7.13 5.208 2.2939-1.3022L11.2222.062ZM0 21.08l10.54-4.8984 5.208 2.9761 1.0538 11.5943-5.58-.062.9917-8.7422L9.92 20.646l-7.13 5.208Zm26.4121 3.9678-9.4863-6.6958V12.4l9.4863-6.6963 2.79 4.8364-8.1221 3.5336v2.604l8.1221 3.5342Z\" fill=\"#7baecf\"\/><\/svg>    <\/span>\r\n\t\t\t\t<span class=\"qodef-e-title-text\"  >Gl\u00fck\u00f3z alap\u00fa \u00e9szterek \u00e9s sz\u00e1rmaz\u00e9kok<\/span>\n\t\t\t<\/span>\n\t\t\t<\/p>\n<\/div>\n\t\t\t\t<\/div>\n\t\t\t\t<\/div>\n\t\t\t\t<div class=\"elementor-element elementor-element-9f8680b elementor-widget elementor-widget-marity_core_icon_list_item\" data-id=\"9f8680b\" data-element_type=\"widget\" data-e-type=\"widget\" data-widget_type=\"marity_core_icon_list_item.default\">\n\t\t\t\t<div class=\"elementor-widget-container\">\n\t\t\t\t\t<div class=\"qodef-icon-list-item qodef-icon--svg-icon\" >\n\t<p class=\"qodef-e-title\">\n\t\t\t\t\t<span class=\"qodef-e-title-inner\">\n\t\t\t\t    <span class=\"qodef-m-svg\" style=\"width: 8px;margin: 0 15px 0 0\">\r\n        <svg xmlns=\"http:\/\/www.w3.org\/2000\/svg\" width=\"29.2021\" height=\"30.752\" viewBox=\"0 0 29.2021 30.752\"><path d=\"M16.8018 0 15.748 11.5938 10.54 14.57 0 9.6719l2.79-4.774 7.13 5.208 2.2939-1.3022L11.2222.062ZM0 21.08l10.54-4.8984 5.208 2.9761 1.0538 11.5943-5.58-.062.9917-8.7422L9.92 20.646l-7.13 5.208Zm26.4121 3.9678-9.4863-6.6958V12.4l9.4863-6.6963 2.79 4.8364-8.1221 3.5336v2.604l8.1221 3.5342Z\" fill=\"#7baecf\"\/><\/svg>    <\/span>\r\n\t\t\t\t<span class=\"qodef-e-title-text\"  >N\u00e1trium-gl\u00fckon\u00e1t<\/span>\n\t\t\t<\/span>\n\t\t\t<\/p>\n<\/div>\n\t\t\t\t<\/div>\n\t\t\t\t<\/div>\n\t\t\t\t\t<\/div>\n\t\t<\/div>\n\t\t\t\t<div class=\"elementor-column elementor-col-20 elementor-inner-column elementor-element elementor-element-5baaab1\" data-id=\"5baaab1\" data-element_type=\"column\" data-e-type=\"column\" data-settings=\"{&quot;background_background&quot;:&quot;classic&quot;}\">\n\t\t\t<div class=\"elementor-widget-wrap elementor-element-populated\">\n\t\t\t\t\t\t<div class=\"elementor-element elementor-element-2df8684 elementor-widget__width-initial elementor-widget elementor-widget-marity_core_section_title\" data-id=\"2df8684\" data-element_type=\"widget\" data-e-type=\"widget\" data-widget_type=\"marity_core_section_title.default\">\n\t\t\t\t<div class=\"elementor-widget-container\">\n\t\t\t\t\t<div class=\"qodef-shortcode qodef-m  qodef-section-title qodef-show_supertitle--no qodef-alignment--left \">\n    \t\t<h4 class=\"qodef-m-title\" >\n\t\t\t\t\tACCELER\u00c1TOROK\t\t\t<\/h4>\n\t    <\/div>\n\t\t\t\t<\/div>\n\t\t\t\t<\/div>\n\t\t\t\t<div class=\"elementor-element elementor-element-01ebd2e elementor-widget elementor-widget-marity_core_icon_list_item\" data-id=\"01ebd2e\" data-element_type=\"widget\" data-e-type=\"widget\" data-widget_type=\"marity_core_icon_list_item.default\">\n\t\t\t\t<div class=\"elementor-widget-container\">\n\t\t\t\t\t<div class=\"qodef-icon-list-item qodef-icon--svg-icon\" >\n\t<p class=\"qodef-e-title\">\n\t\t\t\t\t<span class=\"qodef-e-title-inner\">\n\t\t\t\t    <span class=\"qodef-m-svg\" style=\"width: 8px;margin: 0 15px 0 0\">\r\n        <svg xmlns=\"http:\/\/www.w3.org\/2000\/svg\" width=\"29.2021\" height=\"30.752\" viewBox=\"0 0 29.2021 30.752\"><path d=\"M16.8018 0 15.748 11.5938 10.54 14.57 0 9.6719l2.79-4.774 7.13 5.208 2.2939-1.3022L11.2222.062ZM0 21.08l10.54-4.8984 5.208 2.9761 1.0538 11.5943-5.58-.062.9917-8.7422L9.92 20.646l-7.13 5.208Zm26.4121 3.9678-9.4863-6.6958V12.4l9.4863-6.6963 2.79 4.8364-8.1221 3.5336v2.604l8.1221 3.5342Z\" fill=\"#7baecf\"\/><\/svg>    <\/span>\r\n\t\t\t\t<span class=\"qodef-e-title-text\"  >Kalcium-nitr\u00e1t <\/span>\n\t\t\t<\/span>\n\t\t\t<\/p>\n<\/div>\n\t\t\t\t<\/div>\n\t\t\t\t<\/div>\n\t\t\t\t<div class=\"elementor-element elementor-element-0c202e4 elementor-widget elementor-widget-marity_core_icon_list_item\" data-id=\"0c202e4\" data-element_type=\"widget\" data-e-type=\"widget\" data-widget_type=\"marity_core_icon_list_item.default\">\n\t\t\t\t<div class=\"elementor-widget-container\">\n\t\t\t\t\t<div class=\"qodef-icon-list-item qodef-icon--svg-icon\" >\n\t<p class=\"qodef-e-title\">\n\t\t\t\t\t<span class=\"qodef-e-title-inner\">\n\t\t\t\t    <span class=\"qodef-m-svg\" style=\"width: 8px;margin: 0 15px 0 0\">\r\n        <svg xmlns=\"http:\/\/www.w3.org\/2000\/svg\" width=\"29.2021\" height=\"30.752\" viewBox=\"0 0 29.2021 30.752\"><path d=\"M16.8018 0 15.748 11.5938 10.54 14.57 0 9.6719l2.79-4.774 7.13 5.208 2.2939-1.3022L11.2222.062ZM0 21.08l10.54-4.8984 5.208 2.9761 1.0538 11.5943-5.58-.062.9917-8.7422L9.92 20.646l-7.13 5.208Zm26.4121 3.9678-9.4863-6.6958V12.4l9.4863-6.6963 2.79 4.8364-8.1221 3.5336v2.604l8.1221 3.5342Z\" fill=\"#7baecf\"\/><\/svg>    <\/span>\r\n\t\t\t\t<span class=\"qodef-e-title-text\"  >N\u00e1trium-nitr\u00e1t<\/span>\n\t\t\t<\/span>\n\t\t\t<\/p>\n<\/div>\n\t\t\t\t<\/div>\n\t\t\t\t<\/div>\n\t\t\t\t\t<\/div>\n\t\t<\/div>\n\t\t\t\t<div class=\"elementor-column elementor-col-20 elementor-inner-column elementor-element elementor-element-58e4944\" data-id=\"58e4944\" data-element_type=\"column\" data-e-type=\"column\" data-settings=\"{&quot;background_background&quot;:&quot;classic&quot;}\">\n\t\t\t<div class=\"elementor-widget-wrap elementor-element-populated\">\n\t\t\t\t\t\t<div class=\"elementor-element elementor-element-7916135 elementor-widget__width-initial elementor-widget elementor-widget-marity_core_section_title\" data-id=\"7916135\" data-element_type=\"widget\" data-e-type=\"widget\" data-widget_type=\"marity_core_section_title.default\">\n\t\t\t\t<div class=\"elementor-widget-container\">\n\t\t\t\t\t<div class=\"qodef-shortcode qodef-m  qodef-section-title qodef-show_supertitle--no qodef-alignment--left \">\n    \t\t<h4 class=\"qodef-m-title\" >\n\t\t\t\t\tL\u0150TTBETON SEG\u00c9DANYAGOK\t\t\t<\/h4>\n\t    <\/div>\n\t\t\t\t<\/div>\n\t\t\t\t<\/div>\n\t\t\t\t<div class=\"elementor-element elementor-element-4a2390d elementor-widget elementor-widget-marity_core_icon_list_item\" data-id=\"4a2390d\" data-element_type=\"widget\" data-e-type=\"widget\" data-widget_type=\"marity_core_icon_list_item.default\">\n\t\t\t\t<div class=\"elementor-widget-container\">\n\t\t\t\t\t<div class=\"qodef-icon-list-item qodef-icon--svg-icon\" >\n\t<p class=\"qodef-e-title\">\n\t\t\t\t\t<span class=\"qodef-e-title-inner\">\n\t\t\t\t    <span class=\"qodef-m-svg\" style=\"width: 8px;margin: 0 15px 0 0\">\r\n        <svg xmlns=\"http:\/\/www.w3.org\/2000\/svg\" width=\"29.2021\" height=\"30.752\" viewBox=\"0 0 29.2021 30.752\"><path d=\"M16.8018 0 15.748 11.5938 10.54 14.57 0 9.6719l2.79-4.774 7.13 5.208 2.2939-1.3022L11.2222.062ZM0 21.08l10.54-4.8984 5.208 2.9761 1.0538 11.5943-5.58-.062.9917-8.7422L9.92 20.646l-7.13 5.208Zm26.4121 3.9678-9.4863-6.6958V12.4l9.4863-6.6963 2.79 4.8364-8.1221 3.5336v2.604l8.1221 3.5342Z\" fill=\"#7baecf\"\/><\/svg>    <\/span>\r\n\t\t\t\t<span class=\"qodef-e-title-text\"  >L\u00fagos \u00e9s l\u00fagmentes  l\u0151ttbeton adal\u00e9kanyagok<\/span>\n\t\t\t<\/span>\n\t\t\t<\/p>\n<\/div>\n\t\t\t\t<\/div>\n\t\t\t\t<\/div>\n\t\t\t\t\t<\/div>\n\t\t<\/div>\n\t\t\t\t<div class=\"elementor-column elementor-col-20 elementor-inner-column elementor-element elementor-element-81f257d\" data-id=\"81f257d\" data-element_type=\"column\" data-e-type=\"column\" data-settings=\"{&quot;background_background&quot;:&quot;classic&quot;}\">\n\t\t\t<div class=\"elementor-widget-wrap elementor-element-populated\">\n\t\t\t\t\t\t<div class=\"elementor-element elementor-element-19f28b2 elementor-widget__width-initial elementor-widget elementor-widget-marity_core_section_title\" data-id=\"19f28b2\" data-element_type=\"widget\" data-e-type=\"widget\" data-widget_type=\"marity_core_section_title.default\">\n\t\t\t\t<div class=\"elementor-widget-container\">\n\t\t\t\t\t<div class=\"qodef-shortcode qodef-m  qodef-section-title qodef-show_supertitle--no qodef-alignment--left \">\n    \t\t<h4 class=\"qodef-m-title\" >\n\t\t\t\t\tPLASZTIFIK\u00c1L\u00d3K\t\t\t<\/h4>\n\t    <\/div>\n\t\t\t\t<\/div>\n\t\t\t\t<\/div>\n\t\t\t\t<div class=\"elementor-element elementor-element-429621b elementor-widget elementor-widget-marity_core_icon_list_item\" data-id=\"429621b\" data-element_type=\"widget\" data-e-type=\"widget\" data-widget_type=\"marity_core_icon_list_item.default\">\n\t\t\t\t<div class=\"elementor-widget-container\">\n\t\t\t\t\t<div class=\"qodef-icon-list-item qodef-icon--svg-icon\" >\n\t<p class=\"qodef-e-title\">\n\t\t\t\t\t<span class=\"qodef-e-title-inner\">\n\t\t\t\t    <span class=\"qodef-m-svg\" style=\"width: 8px;margin: 0 15px 0 0\">\r\n        <svg xmlns=\"http:\/\/www.w3.org\/2000\/svg\" width=\"29.2021\" height=\"30.752\" viewBox=\"0 0 29.2021 30.752\"><path d=\"M16.8018 0 15.748 11.5938 10.54 14.57 0 9.6719l2.79-4.774 7.13 5.208 2.2939-1.3022L11.2222.062ZM0 21.08l10.54-4.8984 5.208 2.9761 1.0538 11.5943-5.58-.062.9917-8.7422L9.92 20.646l-7.13 5.208Zm26.4121 3.9678-9.4863-6.6958V12.4l9.4863-6.6963 2.79 4.8364-8.1221 3.5336v2.604l8.1221 3.5342Z\" fill=\"#7baecf\"\/><\/svg>    <\/span>\r\n\t\t\t\t<span class=\"qodef-e-title-text\"  >Lignoszulfon\u00e1t alternat\u00edv term\u00e9kek(YKSLS)<\/span>\n\t\t\t<\/span>\n\t\t\t<\/p>\n<\/div>\n\t\t\t\t<\/div>\n\t\t\t\t<\/div>\n\t\t\t\t<div class=\"elementor-element elementor-element-b53d1bd elementor-widget elementor-widget-marity_core_icon_list_item\" data-id=\"b53d1bd\" data-element_type=\"widget\" data-e-type=\"widget\" data-widget_type=\"marity_core_icon_list_item.default\">\n\t\t\t\t<div class=\"elementor-widget-container\">\n\t\t\t\t\t<div class=\"qodef-icon-list-item qodef-icon--svg-icon\" >\n\t<p class=\"qodef-e-title\">\n\t\t\t\t\t<span class=\"qodef-e-title-inner\">\n\t\t\t\t    <span class=\"qodef-m-svg\" style=\"width: 8px;margin: 0 15px 0 0\">\r\n        <svg xmlns=\"http:\/\/www.w3.org\/2000\/svg\" width=\"29.2021\" height=\"30.752\" viewBox=\"0 0 29.2021 30.752\"><path d=\"M16.8018 0 15.748 11.5938 10.54 14.57 0 9.6719l2.79-4.774 7.13 5.208 2.2939-1.3022L11.2222.062ZM0 21.08l10.54-4.8984 5.208 2.9761 1.0538 11.5943-5.58-.062.9917-8.7422L9.92 20.646l-7.13 5.208Zm26.4121 3.9678-9.4863-6.6958V12.4l9.4863-6.6963 2.79 4.8364-8.1221 3.5336v2.604l8.1221 3.5342Z\" fill=\"#7baecf\"\/><\/svg>    <\/span>\r\n\t\t\t\t<span class=\"qodef-e-title-text\"  >Naftalin-szulfon\u00e1t alternat\u00edv term\u00e9kek(YK NFS)<\/span>\n\t\t\t<\/span>\n\t\t\t<\/p>\n<\/div>\n\t\t\t\t<\/div>\n\t\t\t\t<\/div>\n\t\t\t\t<div class=\"elementor-element elementor-element-7f4aab1 elementor-widget elementor-widget-marity_core_icon_list_item\" data-id=\"7f4aab1\" data-element_type=\"widget\" data-e-type=\"widget\" data-widget_type=\"marity_core_icon_list_item.default\">\n\t\t\t\t<div class=\"elementor-widget-container\">\n\t\t\t\t\t<div class=\"qodef-icon-list-item qodef-icon--svg-icon\" >\n\t<p class=\"qodef-e-title\">\n\t\t\t\t\t<span class=\"qodef-e-title-inner\">\n\t\t\t\t    <span class=\"qodef-m-svg\" style=\"width: 8px;margin: 0 15px 0 0\">\r\n        <svg xmlns=\"http:\/\/www.w3.org\/2000\/svg\" width=\"29.2021\" height=\"30.752\" viewBox=\"0 0 29.2021 30.752\"><path d=\"M16.8018 0 15.748 11.5938 10.54 14.57 0 9.6719l2.79-4.774 7.13 5.208 2.2939-1.3022L11.2222.062ZM0 21.08l10.54-4.8984 5.208 2.9761 1.0538 11.5943-5.58-.062.9917-8.7422L9.92 20.646l-7.13 5.208Zm26.4121 3.9678-9.4863-6.6958V12.4l9.4863-6.6963 2.79 4.8364-8.1221 3.5336v2.604l8.1221 3.5342Z\" fill=\"#7baecf\"\/><\/svg>    <\/span>\r\n\t\t\t\t<span class=\"qodef-e-title-text\"  >Vinilacet\u00e1t-maleinsav-kopolimer  (VAM-kopolimer)<\/span>\n\t\t\t<\/span>\n\t\t\t<\/p>\n<\/div>\n\t\t\t\t<\/div>\n\t\t\t\t<\/div>\n\t\t\t\t<div class=\"elementor-element elementor-element-95e50cb elementor-widget elementor-widget-marity_core_icon_list_item\" data-id=\"95e50cb\" data-element_type=\"widget\" data-e-type=\"widget\" data-widget_type=\"marity_core_icon_list_item.default\">\n\t\t\t\t<div class=\"elementor-widget-container\">\n\t\t\t\t\t<div class=\"qodef-icon-list-item qodef-icon--svg-icon\" >\n\t<p class=\"qodef-e-title\">\n\t\t\t\t\t<span class=\"qodef-e-title-inner\">\n\t\t\t\t    <span class=\"qodef-m-svg\" style=\"width: 8px;margin: 0 15px 0 0\">\r\n        <svg xmlns=\"http:\/\/www.w3.org\/2000\/svg\" width=\"29.2021\" height=\"30.752\" viewBox=\"0 0 29.2021 30.752\"><path d=\"M16.8018 0 15.748 11.5938 10.54 14.57 0 9.6719l2.79-4.774 7.13 5.208 2.2939-1.3022L11.2222.062ZM0 21.08l10.54-4.8984 5.208 2.9761 1.0538 11.5943-5.58-.062.9917-8.7422L9.92 20.646l-7.13 5.208Zm26.4121 3.9678-9.4863-6.6958V12.4l9.4863-6.6963 2.79 4.8364-8.1221 3.5336v2.604l8.1221 3.5342Z\" fill=\"#7baecf\"\/><\/svg>    <\/span>\r\n\t\t\t\t<span class=\"qodef-e-title-text\"  >Polikarboxil\u00e1tok (V\u00edzz\u00e1r\u00f3 \u00e9s plasztifik\u00e1l\u00f3 adal\u00e9kanyagok)<\/span>\n\t\t\t<\/span>\n\t\t\t<\/p>\n<\/div>\n\t\t\t\t<\/div>\n\t\t\t\t<\/div>\n\t\t\t\t\t<\/div>\n\t\t<\/div>\n\t\t\t\t\t<\/div>\n\t\t<\/section>\n\t\t\t\t\t<\/div>\n\t\t<\/div>\n\t\t\t\t\t<\/div>\n\t\t<\/section>\n\t\t\t\t<\/div>\n\t\t","protected":false},"excerpt":{"rendered":"<p>\u00c9p\u00edt\u0151ipari Term\u00e9kek L\u00c9GBUBOR\u00c9KK\u00c9PZ\u0150K \u00c9S HABZ\u00c1SG\u00c1TL\u00d3K Tri-izobutil-foszf\u00e1t Szilikon alap\u00fa habz\u00e1sg\u00e1tl\u00f3k FAGY\u00c1SK\u00c9SLELTET\u0150K Poliszacharid alap\u00fa polimerek Gl\u00fck\u00f3z alap\u00fa \u00e9szterek \u00e9s sz\u00e1rmaz\u00e9kok N\u00e1trium-gl\u00fckon\u00e1t ACCELER\u00c1TOROK Kalcium-nitr\u00e1t N\u00e1trium-nitr\u00e1t L\u0150TTBETON SEG\u00c9DANYAGOK L\u00fagos \u00e9s l\u00fagmentes l\u0151ttbeton adal\u00e9kanyagok PLASZTIFIK\u00c1L\u00d3K Lignoszulfon\u00e1t alternat\u00edv term\u00e9kek(YKSLS) Naftalin-szulfon\u00e1t alternat\u00edv term\u00e9kek(YK NFS) Vinilacet\u00e1t-maleinsav-kopolimer (VAM-kopolimer) Polikarboxil\u00e1tok (V\u00edzz\u00e1r\u00f3 \u00e9s plasztifik\u00e1l\u00f3 adal\u00e9kanyagok)<\/p>\n","protected":false},"author":1,"featured_media":0,"parent":0,"menu_order":0,"comment_status":"closed","ping_status":"closed","template":"page-full-width.php","meta":{"footnotes":""},"class_list":["post-10221","page","type-page","status-publish","hentry"],"_links":{"self":[{"href":"https:\/\/yakemeurope.com\/hu\/wp-json\/wp\/v2\/pages\/10221","targetHints":{"allow":["GET"]}}],"collection":[{"href":"https:\/\/yakemeurope.com\/hu\/wp-json\/wp\/v2\/pages"}],"about":[{"href":"https:\/\/yakemeurope.com\/hu\/wp-json\/wp\/v2\/types\/page"}],"author":[{"embeddable":true,"href":"https:\/\/yakemeurope.com\/hu\/wp-json\/wp\/v2\/users\/1"}],"replies":[{"embeddable":true,"href":"https:\/\/yakemeurope.com\/hu\/wp-json\/wp\/v2\/comments?post=10221"}],"version-history":[{"count":13,"href":"https:\/\/yakemeurope.com\/hu\/wp-json\/wp\/v2\/pages\/10221\/revisions"}],"predecessor-version":[{"id":10590,"href":"https:\/\/yakemeurope.com\/hu\/wp-json\/wp\/v2\/pages\/10221\/revisions\/10590"}],"wp:attachment":[{"href":"https:\/\/yakemeurope.com\/hu\/wp-json\/wp\/v2\/media?parent=10221"}],"curies":[{"name":"wp","href":"https:\/\/api.w.org\/{rel}","templated":true}]}}