{"id":10216,"date":"2022-11-10T13:09:35","date_gmt":"2022-11-10T13:09:35","guid":{"rendered":"https:\/\/yakemeurope.com\/contact\/"},"modified":"2024-09-25T07:47:46","modified_gmt":"2024-09-25T07:47:46","slug":"kommunikacio","status":"publish","type":"page","link":"https:\/\/yakemeurope.com\/hu\/kommunikacio\/","title":{"rendered":"Kommunik\u00e1ci\u00f3"},"content":{"rendered":"\t\t<div data-elementor-type=\"wp-page\" data-elementor-id=\"10216\" class=\"elementor elementor-10216 elementor-5292\">\n\t\t\t\t\t\t<section class=\"elementor-section elementor-top-section elementor-element elementor-element-ca31306 elementor-section-full_width elementor-reverse-tablet elementor-reverse-mobile elementor-section-height-default elementor-section-height-default\" data-id=\"ca31306\" data-element_type=\"section\" data-e-type=\"section\">\n\t\t\t\t\t\t<div class=\"elementor-container elementor-column-gap-no\">\n\t\t\t\t\t<div class=\"elementor-column elementor-col-50 elementor-top-column elementor-element elementor-element-58cf19d\" data-id=\"58cf19d\" data-element_type=\"column\" data-e-type=\"column\">\n\t\t\t<div class=\"elementor-widget-wrap elementor-element-populated\">\n\t\t\t\t\t\t<div class=\"elementor-element elementor-element-d29b785 elementor-widget elementor-widget-marity_core_section_title\" data-id=\"d29b785\" data-element_type=\"widget\" data-e-type=\"widget\" data-widget_type=\"marity_core_section_title.default\">\n\t\t\t\t<div class=\"elementor-widget-container\">\n\t\t\t\t\t<div class=\"qodef-shortcode qodef-m  qodef-section-title qodef-show_supertitle--no qodef-alignment--left \">\n    \t\t<h1 class=\"qodef-m-title\" >\n\t\t\t\t\tHa k\u00e9rd\u00e9se van term\u00e9keinkkel \u00e9s munk\u00e1inkkal kapcsolatban, forduljon hozz\u00e1nk.\t\t\t<\/h1>\n\t    <\/div>\n\t\t\t\t<\/div>\n\t\t\t\t<\/div>\n\t\t\t\t\t<\/div>\n\t\t<\/div>\n\t\t\t\t<div class=\"elementor-column elementor-col-50 elementor-top-column elementor-element elementor-element-b0a0aaa\" data-id=\"b0a0aaa\" data-element_type=\"column\" data-e-type=\"column\" data-settings=\"{&quot;background_background&quot;:&quot;classic&quot;}\">\n\t\t\t<div class=\"elementor-widget-wrap elementor-element-populated\">\n\t\t\t\t\t\t<div class=\"elementor-element elementor-element-6dcf87f elementor-widget elementor-widget-spacer\" data-id=\"6dcf87f\" data-element_type=\"widget\" data-e-type=\"widget\" data-widget_type=\"spacer.default\">\n\t\t\t\t<div class=\"elementor-widget-container\">\n\t\t\t\t\t\t\t<div class=\"elementor-spacer\">\n\t\t\t<div class=\"elementor-spacer-inner\"><\/div>\n\t\t<\/div>\n\t\t\t\t\t\t<\/div>\n\t\t\t\t<\/div>\n\t\t\t\t\t<\/div>\n\t\t<\/div>\n\t\t\t\t\t<\/div>\n\t\t<\/section>\n\t\t\t\t<section class=\"elementor-section elementor-top-section elementor-element elementor-element-6626f1b elementor-section-full_width elementor-section-height-default elementor-section-height-default\" data-id=\"6626f1b\" data-element_type=\"section\" data-e-type=\"section\" data-settings=\"{&quot;background_background&quot;:&quot;classic&quot;}\">\n\t\t\t\t\t\t<div class=\"elementor-container elementor-column-gap-no\">\n\t\t\t\t\t<div class=\"elementor-column elementor-col-33 elementor-top-column elementor-element elementor-element-248685d\" data-id=\"248685d\" data-element_type=\"column\" data-e-type=\"column\">\n\t\t\t<div class=\"elementor-widget-wrap elementor-element-populated\">\n\t\t\t\t\t\t<div class=\"elementor-element elementor-element-4ca46c1 e-transform elementor-widget elementor-widget-marity_core_info_location\" data-id=\"4ca46c1\" data-element_type=\"widget\" data-e-type=\"widget\" data-settings=\"{&quot;_transform_scale_effect&quot;:{&quot;unit&quot;:&quot;px&quot;,&quot;size&quot;:1,&quot;sizes&quot;:[]},&quot;_transform_scale_effect_laptop&quot;:{&quot;unit&quot;:&quot;px&quot;,&quot;size&quot;:&quot;&quot;,&quot;sizes&quot;:[]},&quot;_transform_scale_effect_tablet_extra&quot;:{&quot;unit&quot;:&quot;px&quot;,&quot;size&quot;:&quot;&quot;,&quot;sizes&quot;:[]},&quot;_transform_scale_effect_tablet&quot;:{&quot;unit&quot;:&quot;px&quot;,&quot;size&quot;:&quot;&quot;,&quot;sizes&quot;:[]},&quot;_transform_scale_effect_mobile&quot;:{&quot;unit&quot;:&quot;px&quot;,&quot;size&quot;:&quot;&quot;,&quot;sizes&quot;:[]}}\" data-widget_type=\"marity_core_info_location.default\">\n\t\t\t\t<div class=\"elementor-widget-container\">\n\t\t\t\t\t<div class=\"qodef-shortcode qodef-m  qodef-info-location qodef-layout--background-text qodef-disable-padding-box--no \">\n\t<div class=\"qodef-m-info\">\n\t\t\t<h5 class=\"qodef-m-title\" >\n\t\tK\u00f6zponti iroda \u2013 Gy\u00e1r \/ Turkey\t<\/h5>\n\t\t\t<a class=\"qodef-m-text\" itemprop=\"url\" href=\"https:\/\/www.google.com\/maps\/place\/Yakem+Kimya\/@40.8810837,29.3714347,17z\/data=!3m1!4b1!4m5!3m4!1s0x14cad8fe7002ad7b:0x6aa693a5a458e4b5!8m2!3d40.8810797!4d29.3736234\" target=\"_blank\" >\n        K\u00f6zpont: \u0130z Plaza Giz Maslak Mah. Eski B\u00fcy\u00fckdere Cad. No: 9 Kat: 3 D: 12 Ayaza\u011fa - Sar\u0131yer 34398 \u0130stanbul\n<br>\nGy\u00e1r: \u0130.D.O.S.B Ayd\u0131nl\u0131k Sok. No:4 P4-3 \u00d6zel Parsel Tuzla-\u0130stanbul Maslak VD.\u00a0928\u00a0044\u00a043\u00a062    <\/a>\n        <a itemprop=\"url\" href=\"\" class=\"qodef-m-location-link\" target=\"_blank\" >\n    <\/a>\n\n\t<\/div>\n<\/div>\n\t\t\t\t<\/div>\n\t\t\t\t<\/div>\n\t\t\t\t\t<\/div>\n\t\t<\/div>\n\t\t\t\t<div class=\"elementor-column elementor-col-33 elementor-top-column elementor-element elementor-element-48588c4\" data-id=\"48588c4\" data-element_type=\"column\" data-e-type=\"column\" data-settings=\"{&quot;background_background&quot;:&quot;classic&quot;}\">\n\t\t\t<div class=\"elementor-widget-wrap elementor-element-populated\">\n\t\t\t\t\t\t<div class=\"elementor-element elementor-element-9db1573 elementor-widget elementor-widget-marity_core_info_location\" data-id=\"9db1573\" data-element_type=\"widget\" data-e-type=\"widget\" data-widget_type=\"marity_core_info_location.default\">\n\t\t\t\t<div class=\"elementor-widget-container\">\n\t\t\t\t\t<div class=\"qodef-shortcode qodef-m  qodef-info-location qodef-layout--background-text qodef-disable-padding-box--no \">\n\t<div class=\"qodef-m-info\">\n\t\t\t<h5 class=\"qodef-m-title\" >\n\t\tEmail c\u00edm\t<\/h5>\n\t\t\t<a class=\"qodef-m-text\" itemprop=\"url\" href=\"mailto:info@yakem.net\" target=\"_blank\" >\n        info@yakem.net<br>&nbsp;\n    <\/a>\n        <a itemprop=\"url\" href=\"\" class=\"qodef-m-location-link\" target=\"_blank\" >\n    <\/a>\n\n\t<\/div>\n<\/div>\n\t\t\t\t<\/div>\n\t\t\t\t<\/div>\n\t\t\t\t\t<\/div>\n\t\t<\/div>\n\t\t\t\t<div class=\"elementor-column elementor-col-33 elementor-top-column elementor-element elementor-element-0f7057b\" data-id=\"0f7057b\" data-element_type=\"column\" data-e-type=\"column\" data-settings=\"{&quot;background_background&quot;:&quot;classic&quot;}\">\n\t\t\t<div class=\"elementor-widget-wrap elementor-element-populated\">\n\t\t\t\t\t\t<div class=\"elementor-element elementor-element-0a86693 elementor-widget elementor-widget-marity_core_info_location\" data-id=\"0a86693\" data-element_type=\"widget\" data-e-type=\"widget\" data-widget_type=\"marity_core_info_location.default\">\n\t\t\t\t<div class=\"elementor-widget-container\">\n\t\t\t\t\t<div class=\"qodef-shortcode qodef-m  qodef-info-location qodef-layout--background-text qodef-disable-padding-box--no \">\n\t<div class=\"qodef-m-info\">\n\t\t\t<h5 class=\"qodef-m-title\" >\n\t\tTelefon \u00e9s Fax\t<\/h5>\n\t\t\t<a class=\"qodef-m-text\" itemprop=\"url\" href=\"tel:+90%20(216)%20573%2083%2093\" target=\"_blank\" >\n        T:  +90 (216) 573 83 93    <\/a>\n        <a itemprop=\"url\" href=\"\" class=\"qodef-m-location-link\" target=\"_blank\" >\n    F: +90 (216) 577 17 00 <\/a>\n\n\t<\/div>\n<\/div>\n\t\t\t\t<\/div>\n\t\t\t\t<\/div>\n\t\t\t\t\t<\/div>\n\t\t<\/div>\n\t\t\t\t\t<\/div>\n\t\t<\/section>\n\t\t\t\t<section class=\"elementor-section elementor-top-section elementor-element elementor-element-fa60c37 elementor-section-full_width elementor-section-height-default elementor-section-height-default\" data-id=\"fa60c37\" data-element_type=\"section\" data-e-type=\"section\" data-settings=\"{&quot;background_background&quot;:&quot;classic&quot;}\">\n\t\t\t\t\t\t<div class=\"elementor-container elementor-column-gap-no\">\n\t\t\t\t\t<div class=\"elementor-column elementor-col-33 elementor-top-column elementor-element elementor-element-c53678e\" data-id=\"c53678e\" data-element_type=\"column\" data-e-type=\"column\" data-settings=\"{&quot;background_background&quot;:&quot;classic&quot;}\">\n\t\t\t<div class=\"elementor-widget-wrap elementor-element-populated\">\n\t\t\t\t\t\t<div class=\"elementor-element elementor-element-dce2c3c e-transform elementor-widget elementor-widget-marity_core_info_location\" data-id=\"dce2c3c\" data-element_type=\"widget\" data-e-type=\"widget\" data-settings=\"{&quot;_transform_scale_effect&quot;:{&quot;unit&quot;:&quot;px&quot;,&quot;size&quot;:1,&quot;sizes&quot;:[]},&quot;_transform_scale_effect_laptop&quot;:{&quot;unit&quot;:&quot;px&quot;,&quot;size&quot;:&quot;&quot;,&quot;sizes&quot;:[]},&quot;_transform_scale_effect_tablet_extra&quot;:{&quot;unit&quot;:&quot;px&quot;,&quot;size&quot;:&quot;&quot;,&quot;sizes&quot;:[]},&quot;_transform_scale_effect_tablet&quot;:{&quot;unit&quot;:&quot;px&quot;,&quot;size&quot;:&quot;&quot;,&quot;sizes&quot;:[]},&quot;_transform_scale_effect_mobile&quot;:{&quot;unit&quot;:&quot;px&quot;,&quot;size&quot;:&quot;&quot;,&quot;sizes&quot;:[]}}\" data-widget_type=\"marity_core_info_location.default\">\n\t\t\t\t<div class=\"elementor-widget-container\">\n\t\t\t\t\t<div class=\"qodef-shortcode qodef-m  qodef-info-location qodef-layout--background-text qodef-disable-padding-box--no \">\n\t<div class=\"qodef-m-info\">\n\t\t\t<h5 class=\"qodef-m-title\" >\n\t\tBudapesti Iroda\t<\/h5>\n\t\t\t<a class=\"qodef-m-text\" itemprop=\"url\" href=\"https:\/\/www.google.com\/maps\/place\/Yakem+Kimya\/@40.8810837,29.3714347,17z\/data=!3m1!4b1!4m5!3m4!1s0x14cad8fe7002ad7b:0x6aa693a5a458e4b5!8m2!3d40.8810797!4d29.3736234\" target=\"_blank\" >\n        Synergy Office Magyarorsz\u00e1g 1139 BUDAPEST, V\u00c1CI \u00fat 99    <\/a>\n        <a itemprop=\"url\" href=\"\" class=\"qodef-m-location-link\" target=\"_blank\" >\n    <\/a>\n\n\t<\/div>\n<\/div>\n\t\t\t\t<\/div>\n\t\t\t\t<\/div>\n\t\t\t\t\t<\/div>\n\t\t<\/div>\n\t\t\t\t<div class=\"elementor-column elementor-col-33 elementor-top-column elementor-element elementor-element-af1e3f6\" data-id=\"af1e3f6\" data-element_type=\"column\" data-e-type=\"column\" data-settings=\"{&quot;background_background&quot;:&quot;classic&quot;}\">\n\t\t\t<div class=\"elementor-widget-wrap elementor-element-populated\">\n\t\t\t\t\t\t<div class=\"elementor-element elementor-element-7ce7f21 elementor-widget elementor-widget-marity_core_info_location\" data-id=\"7ce7f21\" data-element_type=\"widget\" data-e-type=\"widget\" data-widget_type=\"marity_core_info_location.default\">\n\t\t\t\t<div class=\"elementor-widget-container\">\n\t\t\t\t\t<div class=\"qodef-shortcode qodef-m  qodef-info-location qodef-layout--background-text qodef-disable-padding-box--no \">\n\t<div class=\"qodef-m-info\">\n\t\t\t<h5 class=\"qodef-m-title\" >\n\t\tEmail c\u00edm\t<\/h5>\n\t\t\t<a class=\"qodef-m-text\" itemprop=\"url\" href=\"mailto:info@yakem.net\" target=\"_blank\" >\n        info@yakemeurope.com    <\/a>\n        <a itemprop=\"url\" href=\"\" class=\"qodef-m-location-link\" target=\"_blank\" >\n    <\/a>\n\n\t<\/div>\n<\/div>\n\t\t\t\t<\/div>\n\t\t\t\t<\/div>\n\t\t\t\t\t<\/div>\n\t\t<\/div>\n\t\t\t\t<div class=\"elementor-column elementor-col-33 elementor-top-column elementor-element elementor-element-4fe8813\" data-id=\"4fe8813\" data-element_type=\"column\" data-e-type=\"column\" data-settings=\"{&quot;background_background&quot;:&quot;classic&quot;}\">\n\t\t\t<div class=\"elementor-widget-wrap elementor-element-populated\">\n\t\t\t\t\t\t<div class=\"elementor-element elementor-element-564944c elementor-widget elementor-widget-marity_core_info_location\" data-id=\"564944c\" data-element_type=\"widget\" data-e-type=\"widget\" data-widget_type=\"marity_core_info_location.default\">\n\t\t\t\t<div class=\"elementor-widget-container\">\n\t\t\t\t\t<div class=\"qodef-shortcode qodef-m  qodef-info-location qodef-layout--background-text qodef-disable-padding-box--no \">\n\t<div class=\"qodef-m-info\">\n\t\t\t<h5 class=\"qodef-m-title\" >\n\t\tTelefon\t<\/h5>\n\t\t        <a itemprop=\"url\" href=\"tel:+36%2070%20884%208947%20\" class=\"qodef-m-location-link\" target=\"_blank\" >\n    T: +36 70 884 8947 <\/a>\n\n\t<\/div>\n<\/div>\n\t\t\t\t<\/div>\n\t\t\t\t<\/div>\n\t\t\t\t\t<\/div>\n\t\t<\/div>\n\t\t\t\t\t<\/div>\n\t\t<\/section>\n\t\t\t\t<section class=\"elementor-section elementor-top-section elementor-element elementor-element-a269525 elementor-section-full_width elementor-section-height-default elementor-section-height-default\" data-id=\"a269525\" data-element_type=\"section\" data-e-type=\"section\">\n\t\t\t\t\t\t<div class=\"elementor-container elementor-column-gap-no\">\n\t\t\t\t\t<div class=\"elementor-column elementor-col-100 elementor-top-column elementor-element elementor-element-3841c40\" data-id=\"3841c40\" data-element_type=\"column\" data-e-type=\"column\">\n\t\t\t<div class=\"elementor-widget-wrap elementor-element-populated\">\n\t\t\t\t\t\t<div class=\"elementor-element elementor-element-383b0b4 elementor-widget__width-inherit elementor-widget elementor-widget-text-editor\" data-id=\"383b0b4\" data-element_type=\"widget\" data-e-type=\"widget\" data-widget_type=\"text-editor.default\">\n\t\t\t\t<div class=\"elementor-widget-container\">\n\t\t\t\t\t\t\t\t\t\n<div class=\"wpcf7 no-js\" id=\"wpcf7-f10527-o1\" lang=\"tr-TR\" dir=\"ltr\" data-wpcf7-id=\"10527\">\n<div class=\"screen-reader-response\"><p role=\"status\" aria-live=\"polite\" aria-atomic=\"true\"><\/p> <ul><\/ul><\/div>\n<form action=\"\/hu\/wp-json\/wp\/v2\/pages\/10216#wpcf7-f10527-o1\" method=\"post\" class=\"wpcf7-form init\" aria-label=\"\u0130leti\u015fim Formu\" novalidate=\"novalidate\" data-status=\"init\">\n<fieldset class=\"hidden-fields-container\"><input type=\"hidden\" name=\"_wpcf7\" value=\"10527\" \/><input type=\"hidden\" name=\"_wpcf7_version\" value=\"6.1.5\" \/><input type=\"hidden\" name=\"_wpcf7_locale\" value=\"tr_TR\" \/><input type=\"hidden\" name=\"_wpcf7_unit_tag\" value=\"wpcf7-f10527-o1\" \/><input type=\"hidden\" name=\"_wpcf7_container_post\" value=\"0\" \/><input type=\"hidden\" name=\"_wpcf7_posted_data_hash\" value=\"\" \/>\n<\/fieldset>\n<label> N\u00e9v Vezet\u00e9kn\u00e9v\n    <span class=\"wpcf7-form-control-wrap\" data-name=\"your-name\"><input size=\"40\" maxlength=\"400\" class=\"wpcf7-form-control wpcf7-text wpcf7-validates-as-required\" autocomplete=\"name\" aria-required=\"true\" aria-invalid=\"false\" value=\"\" type=\"text\" name=\"your-name\" \/><\/span> <\/label>\n\n<label> E-mail c\u00edm\n    <span class=\"wpcf7-form-control-wrap\" data-name=\"your-email\"><input size=\"40\" maxlength=\"400\" class=\"wpcf7-form-control wpcf7-email wpcf7-validates-as-required wpcf7-text wpcf7-validates-as-email\" autocomplete=\"email\" aria-required=\"true\" aria-invalid=\"false\" value=\"\" type=\"email\" name=\"your-email\" \/><\/span> <\/label>\n\n<label> T\u00e1rgy:\n    <span class=\"wpcf7-form-control-wrap\" data-name=\"your-subject\"><input size=\"40\" maxlength=\"400\" class=\"wpcf7-form-control wpcf7-text wpcf7-validates-as-required\" aria-required=\"true\" aria-invalid=\"false\" value=\"\" type=\"text\" name=\"your-subject\" \/><\/span> <\/label>\n\n<label> Az \u00d6n \u00fczenete\n    <span class=\"wpcf7-form-control-wrap\" data-name=\"your-message\"><textarea cols=\"40\" rows=\"10\" maxlength=\"2000\" class=\"wpcf7-form-control wpcf7-textarea\" aria-invalid=\"false\" name=\"your-message\"><\/textarea><\/span> <\/label>\n\n<button class=\"wpcf7-form-control wpcf7-submit qodef-button qodef-size--normal qodef-layout--outlined qodef-m\" type=\"submit\"><span class=\"qodef-m-text\">K\u00fcldje el a<\/span><\/button><div class=\"wpcf7-response-output\" aria-hidden=\"true\"><\/div>\n<\/form>\n<\/div>\n\t\t\t\t\t\t\t\t<\/div>\n\t\t\t\t<\/div>\n\t\t\t\t\t<\/div>\n\t\t<\/div>\n\t\t\t\t\t<\/div>\n\t\t<\/section>\n\t\t\t\t<\/div>\n\t\t","protected":false},"excerpt":{"rendered":"<p>Ha k\u00e9rd\u00e9se van term\u00e9keinkkel \u00e9s munk\u00e1inkkal kapcsolatban, forduljon hozz\u00e1nk. K\u00f6zponti iroda \u2013 Gy\u00e1r \/ Turkey K\u00f6zpont: \u0130z Plaza Giz Maslak Mah. Eski B\u00fcy\u00fckdere Cad. No: 9 Kat: 3 D: 12 Ayaza\u011fa &#8211; Sar\u0131yer 34398 \u0130stanbul Gy\u00e1r: \u0130.D.O.S.B Ayd\u0131nl\u0131k Sok. No:4 P4-3 \u00d6zel Parsel Tuzla-\u0130stanbul Maslak VD.\u00a0928\u00a0044\u00a043\u00a062 Email c\u00edm info@yakem.net&nbsp; Telefon \u00e9s Fax T: +90 (216) [&hellip;]<\/p>\n","protected":false},"author":1,"featured_media":0,"parent":0,"menu_order":0,"comment_status":"closed","ping_status":"closed","template":"page-full-width.php","meta":{"footnotes":""},"class_list":["post-10216","page","type-page","status-publish","hentry"],"_links":{"self":[{"href":"https:\/\/yakemeurope.com\/hu\/wp-json\/wp\/v2\/pages\/10216","targetHints":{"allow":["GET"]}}],"collection":[{"href":"https:\/\/yakemeurope.com\/hu\/wp-json\/wp\/v2\/pages"}],"about":[{"href":"https:\/\/yakemeurope.com\/hu\/wp-json\/wp\/v2\/types\/page"}],"author":[{"embeddable":true,"href":"https:\/\/yakemeurope.com\/hu\/wp-json\/wp\/v2\/users\/1"}],"replies":[{"embeddable":true,"href":"https:\/\/yakemeurope.com\/hu\/wp-json\/wp\/v2\/comments?post=10216"}],"version-history":[{"count":40,"href":"https:\/\/yakemeurope.com\/hu\/wp-json\/wp\/v2\/pages\/10216\/revisions"}],"predecessor-version":[{"id":10581,"href":"https:\/\/yakemeurope.com\/hu\/wp-json\/wp\/v2\/pages\/10216\/revisions\/10581"}],"wp:attachment":[{"href":"https:\/\/yakemeurope.com\/hu\/wp-json\/wp\/v2\/media?parent=10216"}],"curies":[{"name":"wp","href":"https:\/\/api.w.org\/{rel}","templated":true}]}}